{"id":87,"date":"2022-05-14T23:15:22","date_gmt":"2022-05-15T04:15:22","guid":{"rendered":"https:\/\/new.comcosur.com\/?post_type=product&#038;p=87"},"modified":"2025-01-15T11:04:20","modified_gmt":"2025-01-15T16:04:20","slug":"alrededor-de-la-luna","status":"publish","type":"product","link":"https:\/\/new.comcosur.com\/?product=alrededor-de-la-luna","title":{"rendered":"Alrededor De La Luna"},"content":{"rendered":"","protected":false},"excerpt":{"rendered":"<div class=\"container\">\n<div class=\"row mb--60\">\n<div class=\"col-lg-7 mt--30 mt-lg--30\">\n<div class=\"product-details-info pl-lg--30 \">\n<article class=\"product-details-article\"><em>Alrededor de la Luna<\/em> es la continuaci\u00f3n del relato titulado <em>De la Tierra a la Luna<\/em>. Es la prolongaci\u00f3n novelada de Verne, que sabe combinar, con el artificio del narrador vigoroso, los mitos lunares imaginados por el hombre desde los inicios de la humanidad, con los conocimientos cient\u00edficos del siglo XIX. Esta mezcla, ese tejido de fantas\u00eda y conocimientos, es lo que constituye el aporte original de Verne, que funda el g\u00e9nero de la ciencia ficci\u00f3n, que la realidad se encarg\u00f3 de confirmar en gran parte. Con el paso del siglo XX, la realidad cient\u00edfica lo transform\u00f3 de autor de fantas\u00edas desbocadas en profeta del futuro tecnol\u00f3gico.<\/article>\n<\/div>\n<\/div>\n<\/div>\n<\/div>\n<section class=\"\">\n<div class=\"container\"><\/div>\n<\/section>\n","protected":false},"featured_media":1027,"comment_status":"closed","ping_status":"closed","template":"","meta":{"_acf_changed":false},"product_brand":[],"product_cat":[22],"product_tag":[],"autor":[21],"class_list":{"0":"post-87","1":"product","2":"type-product","3":"status-publish","4":"has-post-thumbnail","6":"product_cat-ciencia-ficcion","7":"autor-julio-verne","9":"first","10":"instock","11":"shipping-taxable","12":"purchasable","13":"product-type-simple"},"acf":[],"_links":{"self":[{"href":"https:\/\/new.comcosur.com\/index.php?rest_route=\/wp\/v2\/product\/87","targetHints":{"allow":["GET"]}}],"collection":[{"href":"https:\/\/new.comcosur.com\/index.php?rest_route=\/wp\/v2\/product"}],"about":[{"href":"https:\/\/new.comcosur.com\/index.php?rest_route=\/wp\/v2\/types\/product"}],"replies":[{"embeddable":true,"href":"https:\/\/new.comcosur.com\/index.php?rest_route=%2Fwp%2Fv2%2Fcomments&post=87"}],"wp:featuredmedia":[{"embeddable":true,"href":"https:\/\/new.comcosur.com\/index.php?rest_route=\/wp\/v2\/media\/1027"}],"wp:attachment":[{"href":"https:\/\/new.comcosur.com\/index.php?rest_route=%2Fwp%2Fv2%2Fmedia&parent=87"}],"wp:term":[{"taxonomy":"product_brand","embeddable":true,"href":"https:\/\/new.comcosur.com\/index.php?rest_route=%2Fwp%2Fv2%2Fproduct_brand&post=87"},{"taxonomy":"product_cat","embeddable":true,"href":"https:\/\/new.comcosur.com\/index.php?rest_route=%2Fwp%2Fv2%2Fproduct_cat&post=87"},{"taxonomy":"product_tag","embeddable":true,"href":"https:\/\/new.comcosur.com\/index.php?rest_route=%2Fwp%2Fv2%2Fproduct_tag&post=87"},{"taxonomy":"autor","embeddable":true,"href":"https:\/\/new.comcosur.com\/index.php?rest_route=%2Fwp%2Fv2%2Fautor&post=87"}],"curies":[{"name":"wp","href":"https:\/\/api.w.org\/{rel}","templated":true}]}}