{"id":795,"date":"2022-06-17T16:26:03","date_gmt":"2022-06-17T21:26:03","guid":{"rendered":"https:\/\/new.comcosur.com\/?post_type=product&#038;p=795"},"modified":"2025-01-16T11:34:47","modified_gmt":"2025-01-16T16:34:47","slug":"ulises","status":"publish","type":"product","link":"https:\/\/new.comcosur.com\/?product=ulises","title":{"rendered":"Ulises"},"content":{"rendered":"","protected":false},"excerpt":{"rendered":"<p>\u00abHe puesto tantos enigmas y acertijos que mantendr\u00e9 ocupados a los profesores durante siglos discutiendo sobre lo que quise decir, y esa es la \u00fanica forma de asegurarse la inmortalidad.\u00bb<\/p>\n<p><em>Ulises<\/em> es uno de los libros clave en la revoluci\u00f3n de la novela en el siglo XX. Inspirada en la <em>Il\u00edada<\/em> de Homero, propone una combinaci\u00f3n de las tradiciones literarias del realismo, el naturalismo y el simbolismo, plasm\u00e1ndolas en un estilo y una t\u00e9cnica novedosos. <em>Ulises<\/em> es considerada, por gran parte de la cr\u00edtica, la mejor novela en idioma ingl\u00e9s del siglo XX.<\/p>\n","protected":false},"featured_media":518,"comment_status":"closed","ping_status":"closed","template":"","meta":{"_acf_changed":false},"product_brand":[],"product_cat":[104],"product_tag":[],"autor":[144],"class_list":{"0":"post-795","1":"product","2":"type-product","3":"status-publish","4":"has-post-thumbnail","6":"product_cat-novela","7":"autor-james-joyce","9":"first","10":"instock","11":"shipping-taxable","12":"purchasable","13":"product-type-simple"},"acf":[],"_links":{"self":[{"href":"https:\/\/new.comcosur.com\/index.php?rest_route=\/wp\/v2\/product\/795","targetHints":{"allow":["GET"]}}],"collection":[{"href":"https:\/\/new.comcosur.com\/index.php?rest_route=\/wp\/v2\/product"}],"about":[{"href":"https:\/\/new.comcosur.com\/index.php?rest_route=\/wp\/v2\/types\/product"}],"replies":[{"embeddable":true,"href":"https:\/\/new.comcosur.com\/index.php?rest_route=%2Fwp%2Fv2%2Fcomments&post=795"}],"wp:featuredmedia":[{"embeddable":true,"href":"https:\/\/new.comcosur.com\/index.php?rest_route=\/wp\/v2\/media\/518"}],"wp:attachment":[{"href":"https:\/\/new.comcosur.com\/index.php?rest_route=%2Fwp%2Fv2%2Fmedia&parent=795"}],"wp:term":[{"taxonomy":"product_brand","embeddable":true,"href":"https:\/\/new.comcosur.com\/index.php?rest_route=%2Fwp%2Fv2%2Fproduct_brand&post=795"},{"taxonomy":"product_cat","embeddable":true,"href":"https:\/\/new.comcosur.com\/index.php?rest_route=%2Fwp%2Fv2%2Fproduct_cat&post=795"},{"taxonomy":"product_tag","embeddable":true,"href":"https:\/\/new.comcosur.com\/index.php?rest_route=%2Fwp%2Fv2%2Fproduct_tag&post=795"},{"taxonomy":"autor","embeddable":true,"href":"https:\/\/new.comcosur.com\/index.php?rest_route=%2Fwp%2Fv2%2Fautor&post=795"}],"curies":[{"name":"wp","href":"https:\/\/api.w.org\/{rel}","templated":true}]}}