{"id":218,"date":"2022-05-15T22:00:25","date_gmt":"2022-05-16T03:00:25","guid":{"rendered":"https:\/\/new.comcosur.com\/?post_type=product&#038;p=218"},"modified":"2025-01-15T12:30:27","modified_gmt":"2025-01-15T17:30:27","slug":"el-amor-las-mujeres-y-la-muerte","status":"publish","type":"product","link":"https:\/\/new.comcosur.com\/?product=el-amor-las-mujeres-y-la-muerte","title":{"rendered":"El amor, las mujeres y la muerte"},"content":{"rendered":"","protected":false},"excerpt":{"rendered":"<div class=\"flex max-w-full flex-col flex-grow\">\n<div class=\"min-h-8 text-message flex w-full flex-col items-end gap-2 whitespace-normal break-words text-start [.text-message+&amp;]:mt-5\" dir=\"auto\" data-message-author-role=\"assistant\" data-message-id=\"4e3560ac-ee0c-4e34-ac48-352ceef36cac\" data-message-model-slug=\"gpt-4o-mini\">\n<div class=\"flex w-full flex-col gap-1 empty:hidden first:pt-[3px]\">\n<div class=\"markdown prose w-full break-words dark:prose-invert light\">\n<p>Arthur Schopenhauer es uno de los pensadores m\u00e1s importantes de la filosof\u00eda del siglo XIX. Sus ideas y su pensamiento sirvieron de inspiraci\u00f3n a autores de la talla de Friedrich Nietzsche, Sigmund Freud, Albert Einstein, Jorge Luis Borges, entre muchos otros. El pensamiento de Schopenhauer nos introduce en un mundo en el que el idealismo occidental y el pesimismo profundo se encuentran para dar como resultado una filosof\u00eda compleja pero, al mismo tiempo, tremendamente hermosa. \u00abEs dif\u00edcil encontrar la felicidad dentro de uno mismo, pero es imposible encontrarla en otro lugar\u00bb.<\/p>\n<\/div>\n<\/div>\n<\/div>\n<\/div>\n","protected":false},"featured_media":422,"comment_status":"closed","ping_status":"closed","template":"","meta":{"_acf_changed":false},"product_brand":[],"product_cat":[109],"product_tag":[],"autor":[86],"class_list":{"0":"post-218","1":"product","2":"type-product","3":"status-publish","4":"has-post-thumbnail","6":"product_cat-filosofia","7":"autor-arthur-schopenhauer","9":"first","10":"instock","11":"shipping-taxable","12":"purchasable","13":"product-type-simple"},"acf":[],"_links":{"self":[{"href":"https:\/\/new.comcosur.com\/index.php?rest_route=\/wp\/v2\/product\/218","targetHints":{"allow":["GET"]}}],"collection":[{"href":"https:\/\/new.comcosur.com\/index.php?rest_route=\/wp\/v2\/product"}],"about":[{"href":"https:\/\/new.comcosur.com\/index.php?rest_route=\/wp\/v2\/types\/product"}],"replies":[{"embeddable":true,"href":"https:\/\/new.comcosur.com\/index.php?rest_route=%2Fwp%2Fv2%2Fcomments&post=218"}],"wp:featuredmedia":[{"embeddable":true,"href":"https:\/\/new.comcosur.com\/index.php?rest_route=\/wp\/v2\/media\/422"}],"wp:attachment":[{"href":"https:\/\/new.comcosur.com\/index.php?rest_route=%2Fwp%2Fv2%2Fmedia&parent=218"}],"wp:term":[{"taxonomy":"product_brand","embeddable":true,"href":"https:\/\/new.comcosur.com\/index.php?rest_route=%2Fwp%2Fv2%2Fproduct_brand&post=218"},{"taxonomy":"product_cat","embeddable":true,"href":"https:\/\/new.comcosur.com\/index.php?rest_route=%2Fwp%2Fv2%2Fproduct_cat&post=218"},{"taxonomy":"product_tag","embeddable":true,"href":"https:\/\/new.comcosur.com\/index.php?rest_route=%2Fwp%2Fv2%2Fproduct_tag&post=218"},{"taxonomy":"autor","embeddable":true,"href":"https:\/\/new.comcosur.com\/index.php?rest_route=%2Fwp%2Fv2%2Fautor&post=218"}],"curies":[{"name":"wp","href":"https:\/\/api.w.org\/{rel}","templated":true}]}}