{"id":217,"date":"2022-05-15T22:00:25","date_gmt":"2022-05-16T03:00:25","guid":{"rendered":"https:\/\/new.comcosur.com\/?post_type=product&#038;p=217"},"modified":"2025-01-15T16:34:21","modified_gmt":"2025-01-15T21:34:21","slug":"muerte-en-venecia","status":"publish","type":"product","link":"https:\/\/new.comcosur.com\/?product=muerte-en-venecia","title":{"rendered":"La muerte en Venecia"},"content":{"rendered":"","protected":false},"excerpt":{"rendered":"<div class=\"container\">\n<div class=\"row mb--60\">\n<div class=\"col-lg-7 mt--30 mt-lg--30\">\n<div class=\"product-details-info pl-lg--30 \">\n<article class=\"product-details-article\">Una novela que trata sobre la pasi\u00f3n como desequilibrio y degradaci\u00f3n. <strong>La muerte en Venecia<\/strong> es una novela de m\u00e1xima actualidad porque aborda temas que son muy cercanos. Siempre se ha dicho que esta novela refleja la desintegraci\u00f3n de Europa. Por otro lado, habla de las cosas que son verdaderamente importantes, esenciales, y c\u00f3mo esas cosas, en tiempos de crisis, son las que nos sostienen: la belleza, el amor, la creatividad, el deseo, la cultura. Esta breve novela muestra la decadencia de una Europa abocada a la guerra y las penurias de un escritor de mediana edad. No se trata tan solo de una pasi\u00f3n tard\u00eda, sino de una revelaci\u00f3n que cuestionar\u00e1 su concepci\u00f3n del arte y la moral.<\/p>\n<\/article>\n<\/div>\n<\/div>\n<\/div>\n<\/div>\n<section class=\"\">\n<div class=\"container\"><\/div>\n<\/section>\n","protected":false},"featured_media":478,"comment_status":"closed","ping_status":"closed","template":"","meta":{"_acf_changed":false},"product_brand":[],"product_cat":[104],"product_tag":[],"autor":[85],"class_list":{"0":"post-217","1":"product","2":"type-product","3":"status-publish","4":"has-post-thumbnail","6":"product_cat-novela","7":"autor-thomas-mann","9":"first","10":"instock","11":"shipping-taxable","12":"purchasable","13":"product-type-simple"},"acf":[],"_links":{"self":[{"href":"https:\/\/new.comcosur.com\/index.php?rest_route=\/wp\/v2\/product\/217","targetHints":{"allow":["GET"]}}],"collection":[{"href":"https:\/\/new.comcosur.com\/index.php?rest_route=\/wp\/v2\/product"}],"about":[{"href":"https:\/\/new.comcosur.com\/index.php?rest_route=\/wp\/v2\/types\/product"}],"replies":[{"embeddable":true,"href":"https:\/\/new.comcosur.com\/index.php?rest_route=%2Fwp%2Fv2%2Fcomments&post=217"}],"wp:featuredmedia":[{"embeddable":true,"href":"https:\/\/new.comcosur.com\/index.php?rest_route=\/wp\/v2\/media\/478"}],"wp:attachment":[{"href":"https:\/\/new.comcosur.com\/index.php?rest_route=%2Fwp%2Fv2%2Fmedia&parent=217"}],"wp:term":[{"taxonomy":"product_brand","embeddable":true,"href":"https:\/\/new.comcosur.com\/index.php?rest_route=%2Fwp%2Fv2%2Fproduct_brand&post=217"},{"taxonomy":"product_cat","embeddable":true,"href":"https:\/\/new.comcosur.com\/index.php?rest_route=%2Fwp%2Fv2%2Fproduct_cat&post=217"},{"taxonomy":"product_tag","embeddable":true,"href":"https:\/\/new.comcosur.com\/index.php?rest_route=%2Fwp%2Fv2%2Fproduct_tag&post=217"},{"taxonomy":"autor","embeddable":true,"href":"https:\/\/new.comcosur.com\/index.php?rest_route=%2Fwp%2Fv2%2Fautor&post=217"}],"curies":[{"name":"wp","href":"https:\/\/api.w.org\/{rel}","templated":true}]}}