{"id":216,"date":"2022-05-15T22:00:24","date_gmt":"2022-05-16T03:00:24","guid":{"rendered":"https:\/\/new.comcosur.com\/?post_type=product&#038;p=216"},"modified":"2025-01-16T10:44:58","modified_gmt":"2025-01-16T15:44:58","slug":"persuasion","status":"publish","type":"product","link":"https:\/\/new.comcosur.com\/?product=persuasion","title":{"rendered":"Persuasi\u00f3n"},"content":{"rendered":"","protected":false},"excerpt":{"rendered":"<p>Anne Elliot, una soltera de veintisiete a\u00f1os que ha perdido la lozan\u00eda de su belleza, vive triste, resignada y a\u00fan enamorada de Frederick Wentworth, un apuesto oficial de la Marina de quien se vio persuadida a separarse ocho a\u00f1os atr\u00e1s, rompiendo as\u00ed su compromiso. Esto ocurri\u00f3 ante la negativa de su padre a dar el consentimiento al matrimonio y siguiendo el consejo de su amiga y madrina, Lady Russell, quien consideraba la elecci\u00f3n del joven inadecuada debido a su falta de fortuna y linaje. Ocho a\u00f1os despu\u00e9s, las circunstancias han cambiado. Frederick Wentworth regresa de las guerras napole\u00f3nicas convertido en capit\u00e1n y con una fortuna considerable amasada gracias a su participaci\u00f3n en los botines de guerra. En su reencuentro se hace patente que el despechado marino no ha perdonado a Anne&#8230;<\/p>\n","protected":false},"featured_media":506,"comment_status":"closed","ping_status":"closed","template":"","meta":{"_acf_changed":false},"product_brand":[],"product_cat":[121],"product_tag":[],"autor":[68],"class_list":{"0":"post-216","1":"product","2":"type-product","3":"status-publish","4":"has-post-thumbnail","6":"product_cat-novela-romantica","7":"autor-jane-austen","9":"first","10":"instock","11":"shipping-taxable","12":"purchasable","13":"product-type-simple"},"acf":[],"_links":{"self":[{"href":"https:\/\/new.comcosur.com\/index.php?rest_route=\/wp\/v2\/product\/216","targetHints":{"allow":["GET"]}}],"collection":[{"href":"https:\/\/new.comcosur.com\/index.php?rest_route=\/wp\/v2\/product"}],"about":[{"href":"https:\/\/new.comcosur.com\/index.php?rest_route=\/wp\/v2\/types\/product"}],"replies":[{"embeddable":true,"href":"https:\/\/new.comcosur.com\/index.php?rest_route=%2Fwp%2Fv2%2Fcomments&post=216"}],"wp:featuredmedia":[{"embeddable":true,"href":"https:\/\/new.comcosur.com\/index.php?rest_route=\/wp\/v2\/media\/506"}],"wp:attachment":[{"href":"https:\/\/new.comcosur.com\/index.php?rest_route=%2Fwp%2Fv2%2Fmedia&parent=216"}],"wp:term":[{"taxonomy":"product_brand","embeddable":true,"href":"https:\/\/new.comcosur.com\/index.php?rest_route=%2Fwp%2Fv2%2Fproduct_brand&post=216"},{"taxonomy":"product_cat","embeddable":true,"href":"https:\/\/new.comcosur.com\/index.php?rest_route=%2Fwp%2Fv2%2Fproduct_cat&post=216"},{"taxonomy":"product_tag","embeddable":true,"href":"https:\/\/new.comcosur.com\/index.php?rest_route=%2Fwp%2Fv2%2Fproduct_tag&post=216"},{"taxonomy":"autor","embeddable":true,"href":"https:\/\/new.comcosur.com\/index.php?rest_route=%2Fwp%2Fv2%2Fautor&post=216"}],"curies":[{"name":"wp","href":"https:\/\/api.w.org\/{rel}","templated":true}]}}