{"id":212,"date":"2022-05-15T22:00:24","date_gmt":"2022-05-16T03:00:24","guid":{"rendered":"https:\/\/new.comcosur.com\/?post_type=product&#038;p=212"},"modified":"2025-01-16T11:28:43","modified_gmt":"2025-01-16T16:28:43","slug":"sentido-y-sensibilidad","status":"publish","type":"product","link":"https:\/\/new.comcosur.com\/?product=sentido-y-sensibilidad","title":{"rendered":"Sentido y sensibilidad"},"content":{"rendered":"","protected":false},"excerpt":{"rendered":"<p>En esta obra, Jane Austen explora con sutileza e iron\u00eda las opciones de la mujer en una sociedad r\u00edgidamente estructurada, donde el \u00e9xito o el fracaso dependen solo de la elecci\u00f3n de un esposo. La historia se centra en las peripecias vitales de dos hermanas, Elinor y Marianne, cuyas antag\u00f3nicas personalidades ejemplifican las dos posibles respuestas femeninas ante la hipocres\u00eda dominante de la \u00e9poca. Esta novela sorprende por su incuestionable actualidad. Jane Austen hace un especial hincapi\u00e9 en las relaciones humanas de sus personajes y en su aspecto psicol\u00f3gico, centr\u00e1ndose fundamentalmente en el an\u00e1lisis de las reacciones y reflexiones del alma humana. La trama gira en torno al contraste entre el buen sentido de Elinor y las emociones de Marianne.<\/p>\n","protected":false},"featured_media":515,"comment_status":"closed","ping_status":"closed","template":"","meta":{"_acf_changed":false},"product_brand":[],"product_cat":[119],"product_tag":[],"autor":[68],"class_list":{"0":"post-212","1":"product","2":"type-product","3":"status-publish","4":"has-post-thumbnail","6":"product_cat-novela-psicologica","7":"autor-jane-austen","9":"first","10":"instock","11":"shipping-taxable","12":"purchasable","13":"product-type-simple"},"acf":[],"_links":{"self":[{"href":"https:\/\/new.comcosur.com\/index.php?rest_route=\/wp\/v2\/product\/212","targetHints":{"allow":["GET"]}}],"collection":[{"href":"https:\/\/new.comcosur.com\/index.php?rest_route=\/wp\/v2\/product"}],"about":[{"href":"https:\/\/new.comcosur.com\/index.php?rest_route=\/wp\/v2\/types\/product"}],"replies":[{"embeddable":true,"href":"https:\/\/new.comcosur.com\/index.php?rest_route=%2Fwp%2Fv2%2Fcomments&post=212"}],"wp:featuredmedia":[{"embeddable":true,"href":"https:\/\/new.comcosur.com\/index.php?rest_route=\/wp\/v2\/media\/515"}],"wp:attachment":[{"href":"https:\/\/new.comcosur.com\/index.php?rest_route=%2Fwp%2Fv2%2Fmedia&parent=212"}],"wp:term":[{"taxonomy":"product_brand","embeddable":true,"href":"https:\/\/new.comcosur.com\/index.php?rest_route=%2Fwp%2Fv2%2Fproduct_brand&post=212"},{"taxonomy":"product_cat","embeddable":true,"href":"https:\/\/new.comcosur.com\/index.php?rest_route=%2Fwp%2Fv2%2Fproduct_cat&post=212"},{"taxonomy":"product_tag","embeddable":true,"href":"https:\/\/new.comcosur.com\/index.php?rest_route=%2Fwp%2Fv2%2Fproduct_tag&post=212"},{"taxonomy":"autor","embeddable":true,"href":"https:\/\/new.comcosur.com\/index.php?rest_route=%2Fwp%2Fv2%2Fautor&post=212"}],"curies":[{"name":"wp","href":"https:\/\/api.w.org\/{rel}","templated":true}]}}