{"id":211,"date":"2022-05-15T22:00:24","date_gmt":"2022-05-16T03:00:24","guid":{"rendered":"https:\/\/new.comcosur.com\/?post_type=product&#038;p=211"},"modified":"2025-01-15T16:53:13","modified_gmt":"2025-01-15T21:53:13","slug":"los-hermanos-karamazov","status":"publish","type":"product","link":"https:\/\/new.comcosur.com\/?product=los-hermanos-karamazov","title":{"rendered":"Los hermanos karamazov"},"content":{"rendered":"","protected":false},"excerpt":{"rendered":"<p><em>Los hermanos Karamazov<\/em> es considerada una de las mejores obras de la literatura rusa. No es de extra\u00f1ar, por tanto, que, junto a Dante Alighieri, Cervantes, Shakespeare o V\u00edctor Hugo, Dostoievski sea considerado como uno de los literatos m\u00e1s influyentes que han existido en la historia de la literatura universal. Esta novela es la historia de la turbulenta relaci\u00f3n entre un padre y sus hijos. El viejo Fi\u00f3dor Karamazov es un c\u00ednico libertino cuyo ejemplo influye en la educaci\u00f3n de sus hijos: Dmitri, Iv\u00e1n, Alexei y Smerdiakov, el hijo ileg\u00edtimo que vive en la casa como sirviente. Todos ellos tienen un punto en com\u00fan: el enfrentamiento con el padre. Dmitri ve en \u00e9l a un rival. Iv\u00e1n a un ser despreciable. Smerdiakov a un amo, y todos a un hombre que posee el dinero que les falta. La obra constituye un vasto an\u00e1lisis del alma y coraz\u00f3n humanos, sobre la base de la afirmaci\u00f3n de Dmitri de que \u00abel coraz\u00f3n de los hombres no es m\u00e1s que el campo de batalla donde luchan Dios y el Diablo\u00bb. Una obra capital de Dostoyevski y una de las obras m\u00e1s significativas de la literatura europea del siglo XIX.<\/p>\n","protected":false},"featured_media":488,"comment_status":"closed","ping_status":"closed","template":"","meta":{"_acf_changed":false},"product_brand":[],"product_cat":[119],"product_tag":[],"autor":[164],"class_list":{"0":"post-211","1":"product","2":"type-product","3":"status-publish","4":"has-post-thumbnail","6":"product_cat-novela-psicologica","7":"autor-fiodor-dostoyevski-2","9":"first","10":"instock","11":"shipping-taxable","12":"purchasable","13":"product-type-simple"},"acf":[],"_links":{"self":[{"href":"https:\/\/new.comcosur.com\/index.php?rest_route=\/wp\/v2\/product\/211","targetHints":{"allow":["GET"]}}],"collection":[{"href":"https:\/\/new.comcosur.com\/index.php?rest_route=\/wp\/v2\/product"}],"about":[{"href":"https:\/\/new.comcosur.com\/index.php?rest_route=\/wp\/v2\/types\/product"}],"replies":[{"embeddable":true,"href":"https:\/\/new.comcosur.com\/index.php?rest_route=%2Fwp%2Fv2%2Fcomments&post=211"}],"wp:featuredmedia":[{"embeddable":true,"href":"https:\/\/new.comcosur.com\/index.php?rest_route=\/wp\/v2\/media\/488"}],"wp:attachment":[{"href":"https:\/\/new.comcosur.com\/index.php?rest_route=%2Fwp%2Fv2%2Fmedia&parent=211"}],"wp:term":[{"taxonomy":"product_brand","embeddable":true,"href":"https:\/\/new.comcosur.com\/index.php?rest_route=%2Fwp%2Fv2%2Fproduct_brand&post=211"},{"taxonomy":"product_cat","embeddable":true,"href":"https:\/\/new.comcosur.com\/index.php?rest_route=%2Fwp%2Fv2%2Fproduct_cat&post=211"},{"taxonomy":"product_tag","embeddable":true,"href":"https:\/\/new.comcosur.com\/index.php?rest_route=%2Fwp%2Fv2%2Fproduct_tag&post=211"},{"taxonomy":"autor","embeddable":true,"href":"https:\/\/new.comcosur.com\/index.php?rest_route=%2Fwp%2Fv2%2Fautor&post=211"}],"curies":[{"name":"wp","href":"https:\/\/api.w.org\/{rel}","templated":true}]}}