{"id":209,"date":"2022-05-15T22:00:24","date_gmt":"2022-05-16T03:00:24","guid":{"rendered":"https:\/\/new.comcosur.com\/?post_type=product&#038;p=209"},"modified":"2025-01-15T16:16:00","modified_gmt":"2025-01-15T21:16:00","slug":"filosofia-en-el-tocador","status":"publish","type":"product","link":"https:\/\/new.comcosur.com\/?product=filosofia-en-el-tocador","title":{"rendered":"La filosof\u00eda en el tocador"},"content":{"rendered":"","protected":false},"excerpt":{"rendered":"<p>Novela dialogada, pornogr\u00e1fica y pol\u00edtica, considerada la mejor creaci\u00f3n literaria de Sade. Subtitulada par\u00f3dicamente <em>Di\u00e1logos destinados a la educaci\u00f3n de las j\u00f3venes se\u00f1oritas<\/em> (<em>Dialogues destin\u00e9s \u00e0 l&#8217;\u00e9ducation des jeunes Demoiselles<\/em>), es la tercera obra publicada de Sade, aunque de forma an\u00f3nima. Se trata de un compendio ir\u00f3nico de la ideolog\u00eda y las obsesiones sadianas. Relata la educaci\u00f3n en la lujuria, la inmoralidad y la crueldad de la predispuesta quincea\u00f1era Eug\u00e8ne, llevada a cabo por el malvado libertino Dolmanc\u00e9 durante el primero de los dos d\u00edas previstos. Este cuenta con la colaboraci\u00f3n de la libertina Madame de Saint-Ange, cuya casa sirve de liceo, y del hermano de esta, el caballero de Mirvel. A estos personajes principales se suma Augustin, el jardinero. La obra alterna lecciones sexuales, tanto te\u00f3ricas como pr\u00e1cticas (de gran variedad), con reflexiones ateas, anticristianas, hedonistas y abiertamente a favor de la hipocres\u00eda y el ego\u00edsmo, adem\u00e1s de posicionarse en contra de la caridad.<\/p>\n","protected":false},"featured_media":469,"comment_status":"closed","ping_status":"closed","template":"","meta":{"_acf_changed":false},"product_brand":[],"product_cat":[124],"product_tag":[],"autor":[165],"class_list":{"0":"post-209","1":"product","2":"type-product","3":"status-publish","4":"has-post-thumbnail","6":"product_cat-filosofia-erotica","7":"autor-marques-de-sade-2","9":"first","10":"instock","11":"shipping-taxable","12":"purchasable","13":"product-type-simple"},"acf":[],"_links":{"self":[{"href":"https:\/\/new.comcosur.com\/index.php?rest_route=\/wp\/v2\/product\/209","targetHints":{"allow":["GET"]}}],"collection":[{"href":"https:\/\/new.comcosur.com\/index.php?rest_route=\/wp\/v2\/product"}],"about":[{"href":"https:\/\/new.comcosur.com\/index.php?rest_route=\/wp\/v2\/types\/product"}],"replies":[{"embeddable":true,"href":"https:\/\/new.comcosur.com\/index.php?rest_route=%2Fwp%2Fv2%2Fcomments&post=209"}],"wp:featuredmedia":[{"embeddable":true,"href":"https:\/\/new.comcosur.com\/index.php?rest_route=\/wp\/v2\/media\/469"}],"wp:attachment":[{"href":"https:\/\/new.comcosur.com\/index.php?rest_route=%2Fwp%2Fv2%2Fmedia&parent=209"}],"wp:term":[{"taxonomy":"product_brand","embeddable":true,"href":"https:\/\/new.comcosur.com\/index.php?rest_route=%2Fwp%2Fv2%2Fproduct_brand&post=209"},{"taxonomy":"product_cat","embeddable":true,"href":"https:\/\/new.comcosur.com\/index.php?rest_route=%2Fwp%2Fv2%2Fproduct_cat&post=209"},{"taxonomy":"product_tag","embeddable":true,"href":"https:\/\/new.comcosur.com\/index.php?rest_route=%2Fwp%2Fv2%2Fproduct_tag&post=209"},{"taxonomy":"autor","embeddable":true,"href":"https:\/\/new.comcosur.com\/index.php?rest_route=%2Fwp%2Fv2%2Fautor&post=209"}],"curies":[{"name":"wp","href":"https:\/\/api.w.org\/{rel}","templated":true}]}}