{"id":208,"date":"2022-05-15T22:00:23","date_gmt":"2022-05-16T03:00:23","guid":{"rendered":"https:\/\/new.comcosur.com\/?post_type=product&#038;p=208"},"modified":"2025-01-15T12:22:29","modified_gmt":"2025-01-15T17:22:29","slug":"de-sobremesa","status":"publish","type":"product","link":"https:\/\/new.comcosur.com\/?product=de-sobremesa","title":{"rendered":"De sobremesa"},"content":{"rendered":"","protected":false},"excerpt":{"rendered":"<div class=\"flex max-w-full flex-col flex-grow\">\n<div class=\"min-h-8 text-message flex w-full flex-col items-end gap-2 whitespace-normal break-words text-start [.text-message+&amp;]:mt-5\" dir=\"auto\" data-message-author-role=\"assistant\" data-message-id=\"613ed678-16e6-4737-bca2-299fb461cc21\" data-message-model-slug=\"gpt-4o-mini\">\n<div class=\"flex w-full flex-col gap-1 empty:hidden first:pt-[3px]\">\n<div class=\"markdown prose w-full break-words dark:prose-invert light\">\n<p><em>De sobremesa<\/em> representa el punto de evoluci\u00f3n de la novela finisecular hispanoamericana, que dar\u00e1 lugar a distintas l\u00edneas de desarrollo, representadas de una parte por Reyles y D\u00edaz Rodr\u00edguez, y de otra por Dom\u00ednici, cuyas referencias al car\u00e1cter singular del continente americano son m\u00e1s incidentales, aunque comparta otras caracter\u00edsticas comunes. En <em>De sobremesa<\/em> se manifiesta ya la lucha ag\u00f3nica entre la decadencia y la necesidad imperiosa de acci\u00f3n, la distancia insalvable entre el artista y el medio ambiente cultural que rodea su obra, y, sobre todo, la obsesi\u00f3n por el misterio, y, como escribe Silva, por \u00ablo que fue y ya no existe\u00bb.<\/p>\n<\/div>\n<\/div>\n<\/div>\n<\/div>\n","protected":false},"featured_media":416,"comment_status":"closed","ping_status":"closed","template":"","meta":{"_acf_changed":false},"product_brand":[],"product_cat":[104],"product_tag":[],"autor":[81],"class_list":{"0":"post-208","1":"product","2":"type-product","3":"status-publish","4":"has-post-thumbnail","6":"product_cat-novela","7":"autor-jose-asuncion-silva","9":"first","10":"instock","11":"shipping-taxable","12":"purchasable","13":"product-type-simple"},"acf":[],"_links":{"self":[{"href":"https:\/\/new.comcosur.com\/index.php?rest_route=\/wp\/v2\/product\/208","targetHints":{"allow":["GET"]}}],"collection":[{"href":"https:\/\/new.comcosur.com\/index.php?rest_route=\/wp\/v2\/product"}],"about":[{"href":"https:\/\/new.comcosur.com\/index.php?rest_route=\/wp\/v2\/types\/product"}],"replies":[{"embeddable":true,"href":"https:\/\/new.comcosur.com\/index.php?rest_route=%2Fwp%2Fv2%2Fcomments&post=208"}],"wp:featuredmedia":[{"embeddable":true,"href":"https:\/\/new.comcosur.com\/index.php?rest_route=\/wp\/v2\/media\/416"}],"wp:attachment":[{"href":"https:\/\/new.comcosur.com\/index.php?rest_route=%2Fwp%2Fv2%2Fmedia&parent=208"}],"wp:term":[{"taxonomy":"product_brand","embeddable":true,"href":"https:\/\/new.comcosur.com\/index.php?rest_route=%2Fwp%2Fv2%2Fproduct_brand&post=208"},{"taxonomy":"product_cat","embeddable":true,"href":"https:\/\/new.comcosur.com\/index.php?rest_route=%2Fwp%2Fv2%2Fproduct_cat&post=208"},{"taxonomy":"product_tag","embeddable":true,"href":"https:\/\/new.comcosur.com\/index.php?rest_route=%2Fwp%2Fv2%2Fproduct_tag&post=208"},{"taxonomy":"autor","embeddable":true,"href":"https:\/\/new.comcosur.com\/index.php?rest_route=%2Fwp%2Fv2%2Fautor&post=208"}],"curies":[{"name":"wp","href":"https:\/\/api.w.org\/{rel}","templated":true}]}}