{"id":2069,"date":"2025-02-06T11:27:06","date_gmt":"2025-02-06T16:27:06","guid":{"rendered":"https:\/\/new.comcosur.com\/?post_type=product&#038;p=2069"},"modified":"2025-02-06T11:33:43","modified_gmt":"2025-02-06T16:33:43","slug":"estudio-en-escarlata","status":"publish","type":"product","link":"https:\/\/new.comcosur.com\/?product=estudio-en-escarlata","title":{"rendered":"Estudio en escarlata"},"content":{"rendered":"","protected":false},"excerpt":{"rendered":"<p>\u2b50\u2b50\u2b50\u2b50\u2b50<\/p>\n<p>Descubre el origen de Sherlock Holmes, la leyenda. Sum\u00e9rgete en el primer caso del detective m\u00e1s famoso de la historia. \u00bfQu\u00e9 secreto se esconde detr\u00e1s de un crimen brutal en las calles de Londres? \u00bfC\u00f3mo puede un hombre resolver lo inexplicable? \u00danete a Sherlock Holmes y el Dr. John Watson en su b\u00fasqueda de la verdad.<\/p>\n<p>En<em> Estudio en escarlata<\/em>, Arthur Conan Doyle nos presenta una trama emocionante y compleja que te mantendr\u00e1 en vilo hasta el final. Con su estilo inconfundible y su genialidad para tejer misterios, Doyle crea un cl\u00e1sico que ha cautivado a lectores durante d\u00e9cadas.<\/p>\n<p>\u00bfEst\u00e1s listo para conocer al detective que revolucion\u00f3 la literatura? \u00a1Lee Estudio en escarlata y descubre por qu\u00e9 Sherlock Holmes es el rey de la resoluci\u00f3n del crimen! \u00a1Comienza la aventura! \u00a1Comienza la leyenda!<\/p>\n","protected":false},"featured_media":2070,"comment_status":"closed","ping_status":"closed","template":"","meta":{"_acf_changed":false},"product_brand":[],"product_cat":[96,109,97],"product_tag":[],"autor":[145],"class_list":{"0":"post-2069","1":"product","2":"type-product","3":"status-publish","4":"has-post-thumbnail","6":"product_cat-ficcion","7":"product_cat-filosofia","8":"product_cat-novela-de-aventuras","9":"autor-arthur-conan-doyle","11":"first","12":"instock","13":"shipping-taxable","14":"purchasable","15":"product-type-simple"},"acf":[],"_links":{"self":[{"href":"https:\/\/new.comcosur.com\/index.php?rest_route=\/wp\/v2\/product\/2069","targetHints":{"allow":["GET"]}}],"collection":[{"href":"https:\/\/new.comcosur.com\/index.php?rest_route=\/wp\/v2\/product"}],"about":[{"href":"https:\/\/new.comcosur.com\/index.php?rest_route=\/wp\/v2\/types\/product"}],"replies":[{"embeddable":true,"href":"https:\/\/new.comcosur.com\/index.php?rest_route=%2Fwp%2Fv2%2Fcomments&post=2069"}],"wp:featuredmedia":[{"embeddable":true,"href":"https:\/\/new.comcosur.com\/index.php?rest_route=\/wp\/v2\/media\/2070"}],"wp:attachment":[{"href":"https:\/\/new.comcosur.com\/index.php?rest_route=%2Fwp%2Fv2%2Fmedia&parent=2069"}],"wp:term":[{"taxonomy":"product_brand","embeddable":true,"href":"https:\/\/new.comcosur.com\/index.php?rest_route=%2Fwp%2Fv2%2Fproduct_brand&post=2069"},{"taxonomy":"product_cat","embeddable":true,"href":"https:\/\/new.comcosur.com\/index.php?rest_route=%2Fwp%2Fv2%2Fproduct_cat&post=2069"},{"taxonomy":"product_tag","embeddable":true,"href":"https:\/\/new.comcosur.com\/index.php?rest_route=%2Fwp%2Fv2%2Fproduct_tag&post=2069"},{"taxonomy":"autor","embeddable":true,"href":"https:\/\/new.comcosur.com\/index.php?rest_route=%2Fwp%2Fv2%2Fautor&post=2069"}],"curies":[{"name":"wp","href":"https:\/\/api.w.org\/{rel}","templated":true}]}}