{"id":2066,"date":"2025-02-06T11:20:00","date_gmt":"2025-02-06T16:20:00","guid":{"rendered":"https:\/\/new.comcosur.com\/?post_type=product&#038;p=2066"},"modified":"2025-02-06T11:34:14","modified_gmt":"2025-02-06T16:34:14","slug":"la-narracion-de-arthur-gordon-pym","status":"publish","type":"product","link":"https:\/\/new.comcosur.com\/?product=la-narracion-de-arthur-gordon-pym","title":{"rendered":"La narraci\u00f3n de Arthur Gordon Pym"},"content":{"rendered":"","protected":false},"excerpt":{"rendered":"<p>\u2b50\u2b50\u2b50\u2b50\u2b50<\/p>\n<p>Sum\u00e9rgete en el viaje m\u00e1s oscuro y emocionante de la literatura cl\u00e1sica. Descubre la historia de Arthur Gordon Pym, un joven que se embarca en una traves\u00eda por los mares m\u00e1s remotos y desconocidos, enfrent\u00e1ndose a secretos insondables y terror\u00edficos.<\/p>\n<p>\u00bfQu\u00e9 misterios esconden las profundidades del oc\u00e9ano? \u00bfQu\u00e9 horrores aguardan en la oscuridad? \u00danete a Pym en su b\u00fasqueda de la verdad y prep\u00e1rate para enfrentar tus propios miedos.<\/p>\n<p>Lee La narraci\u00f3n de Arthur Gordon Pym y descubre por qu\u00e9 Edgar Allan Poe es el maestro del terror y la aventura. \u00a1Sum\u00e9rgete en este cl\u00e1sico de la literatura que te dejar\u00e1 sin aliento!<\/p>\n","protected":false},"featured_media":2067,"comment_status":"closed","ping_status":"closed","template":"","meta":{"_acf_changed":false},"product_brand":[],"product_cat":[15,126,146],"product_tag":[],"autor":[66],"class_list":{"0":"post-2066","1":"product","2":"type-product","3":"status-publish","4":"has-post-thumbnail","6":"product_cat-literatura","7":"product_cat-literatura-juvenil","8":"product_cat-terror","9":"autor-edgar-allan-poe","11":"first","12":"instock","13":"shipping-taxable","14":"purchasable","15":"product-type-simple"},"acf":[],"_links":{"self":[{"href":"https:\/\/new.comcosur.com\/index.php?rest_route=\/wp\/v2\/product\/2066","targetHints":{"allow":["GET"]}}],"collection":[{"href":"https:\/\/new.comcosur.com\/index.php?rest_route=\/wp\/v2\/product"}],"about":[{"href":"https:\/\/new.comcosur.com\/index.php?rest_route=\/wp\/v2\/types\/product"}],"replies":[{"embeddable":true,"href":"https:\/\/new.comcosur.com\/index.php?rest_route=%2Fwp%2Fv2%2Fcomments&post=2066"}],"wp:featuredmedia":[{"embeddable":true,"href":"https:\/\/new.comcosur.com\/index.php?rest_route=\/wp\/v2\/media\/2067"}],"wp:attachment":[{"href":"https:\/\/new.comcosur.com\/index.php?rest_route=%2Fwp%2Fv2%2Fmedia&parent=2066"}],"wp:term":[{"taxonomy":"product_brand","embeddable":true,"href":"https:\/\/new.comcosur.com\/index.php?rest_route=%2Fwp%2Fv2%2Fproduct_brand&post=2066"},{"taxonomy":"product_cat","embeddable":true,"href":"https:\/\/new.comcosur.com\/index.php?rest_route=%2Fwp%2Fv2%2Fproduct_cat&post=2066"},{"taxonomy":"product_tag","embeddable":true,"href":"https:\/\/new.comcosur.com\/index.php?rest_route=%2Fwp%2Fv2%2Fproduct_tag&post=2066"},{"taxonomy":"autor","embeddable":true,"href":"https:\/\/new.comcosur.com\/index.php?rest_route=%2Fwp%2Fv2%2Fautor&post=2066"}],"curies":[{"name":"wp","href":"https:\/\/api.w.org\/{rel}","templated":true}]}}