{"id":205,"date":"2022-05-15T22:00:23","date_gmt":"2022-05-16T03:00:23","guid":{"rendered":"https:\/\/new.comcosur.com\/?post_type=product&#038;p=205"},"modified":"2025-01-15T15:37:52","modified_gmt":"2025-01-15T20:37:52","slug":"juliette","status":"publish","type":"product","link":"https:\/\/new.comcosur.com\/?product=juliette","title":{"rendered":"Juliette"},"content":{"rendered":"","protected":false},"excerpt":{"rendered":"<p><em>Juliette o las prosperidades del vicio<\/em> es una novela publicada entre 1797 y 1801, que acompa\u00f1a a <em>La nueva Justine<\/em> de Sade. Mientras que Justine, la hermana de Juliette, era una mujer virtuosa que, en consecuencia, no encontr\u00f3 m\u00e1s que desesperaci\u00f3n y abuso, Juliette es asesina, ninf\u00f3mana, amoral, exitosa y feliz. Juliette es la hermana malvada de Justine, que cuenta su educaci\u00f3n en el vicio por parte de libertinos y criminales que alternan sus acciones de sexo y crueldad con largas disquisiciones filos\u00f3ficas. Una vez formada, alcanza la fortuna mediante el ego\u00edsmo, la lujuria, el crimen y la maldad. Historia pesada y supuestamente hinchada con un cat\u00e1logo de depravaciones extremas por motivos alimenticios, como <em>Justine<\/em>.<\/p>\n","protected":false},"featured_media":464,"comment_status":"closed","ping_status":"closed","template":"","meta":{"_acf_changed":false},"product_brand":[],"product_cat":[124],"product_tag":[],"autor":[165],"class_list":{"0":"post-205","1":"product","2":"type-product","3":"status-publish","4":"has-post-thumbnail","6":"product_cat-filosofia-erotica","7":"autor-marques-de-sade-2","9":"first","10":"instock","11":"shipping-taxable","12":"purchasable","13":"product-type-simple"},"acf":[],"_links":{"self":[{"href":"https:\/\/new.comcosur.com\/index.php?rest_route=\/wp\/v2\/product\/205","targetHints":{"allow":["GET"]}}],"collection":[{"href":"https:\/\/new.comcosur.com\/index.php?rest_route=\/wp\/v2\/product"}],"about":[{"href":"https:\/\/new.comcosur.com\/index.php?rest_route=\/wp\/v2\/types\/product"}],"replies":[{"embeddable":true,"href":"https:\/\/new.comcosur.com\/index.php?rest_route=%2Fwp%2Fv2%2Fcomments&post=205"}],"wp:featuredmedia":[{"embeddable":true,"href":"https:\/\/new.comcosur.com\/index.php?rest_route=\/wp\/v2\/media\/464"}],"wp:attachment":[{"href":"https:\/\/new.comcosur.com\/index.php?rest_route=%2Fwp%2Fv2%2Fmedia&parent=205"}],"wp:term":[{"taxonomy":"product_brand","embeddable":true,"href":"https:\/\/new.comcosur.com\/index.php?rest_route=%2Fwp%2Fv2%2Fproduct_brand&post=205"},{"taxonomy":"product_cat","embeddable":true,"href":"https:\/\/new.comcosur.com\/index.php?rest_route=%2Fwp%2Fv2%2Fproduct_cat&post=205"},{"taxonomy":"product_tag","embeddable":true,"href":"https:\/\/new.comcosur.com\/index.php?rest_route=%2Fwp%2Fv2%2Fproduct_tag&post=205"},{"taxonomy":"autor","embeddable":true,"href":"https:\/\/new.comcosur.com\/index.php?rest_route=%2Fwp%2Fv2%2Fautor&post=205"}],"curies":[{"name":"wp","href":"https:\/\/api.w.org\/{rel}","templated":true}]}}