{"id":2045,"date":"2025-01-16T11:42:40","date_gmt":"2025-01-16T16:42:40","guid":{"rendered":"https:\/\/new.comcosur.com\/?post_type=product&#038;p=2045"},"modified":"2025-01-16T14:47:12","modified_gmt":"2025-01-16T19:47:12","slug":"sobre-la-felicidad-y-la-brevedad-de-la-vida","status":"publish","type":"product","link":"https:\/\/new.comcosur.com\/?product=sobre-la-felicidad-y-la-brevedad-de-la-vida","title":{"rendered":"Sobre la Felicidad y la Brevedad de la Vida"},"content":{"rendered":"","protected":false},"excerpt":{"rendered":"<p>\u2b50\u2b50\u2b50\u2b50\u2b50<\/p>\n<p>\u00a1Conoce el secreto para vivir una vida plena y feliz! En <em>Sobre la felicidad y la brevedad de la vida<\/em>, encontrar\u00e1s las herramientas y estrategias necesarias para cultivar la sabidur\u00eda, la fuerza interior y la autodisciplina, cualidades que te permitir\u00e1n enfrentar las adversidades de la vida y aprovechar al m\u00e1ximo cada momento. Con una perspectiva inspiradora y pr\u00e1ctica, este libro se presenta como una gu\u00eda de crecimiento personal, cuyas ense\u00f1anzas te encaminan a superar obst\u00e1culos y alcanzar el bienestar y la tranquilidad interior. Descubre las claves del pensamiento feliz de uno de los m\u00e1ximos representantes de la filosof\u00eda estoica. \u00a1No esperes m\u00e1s para vivir la vida que siempre has deseado! \u00a1Lee este libro y comienza a construir un ma\u00f1ana feliz desde hoy mismo!<\/p>\n","protected":false},"featured_media":2046,"comment_status":"closed","ping_status":"closed","template":"","meta":{"_acf_changed":false},"product_brand":[],"product_cat":[15,112,107,109,126],"product_tag":[],"autor":[158],"class_list":{"0":"post-2045","1":"product","2":"type-product","3":"status-publish","4":"has-post-thumbnail","6":"product_cat-literatura","7":"product_cat-autoayuda","8":"product_cat-etica-y-civismo","9":"product_cat-filosofia","10":"product_cat-literatura-juvenil","11":"autor-seneca","13":"first","14":"instock","15":"shipping-taxable","16":"purchasable","17":"product-type-simple"},"acf":[],"_links":{"self":[{"href":"https:\/\/new.comcosur.com\/index.php?rest_route=\/wp\/v2\/product\/2045","targetHints":{"allow":["GET"]}}],"collection":[{"href":"https:\/\/new.comcosur.com\/index.php?rest_route=\/wp\/v2\/product"}],"about":[{"href":"https:\/\/new.comcosur.com\/index.php?rest_route=\/wp\/v2\/types\/product"}],"replies":[{"embeddable":true,"href":"https:\/\/new.comcosur.com\/index.php?rest_route=%2Fwp%2Fv2%2Fcomments&post=2045"}],"wp:featuredmedia":[{"embeddable":true,"href":"https:\/\/new.comcosur.com\/index.php?rest_route=\/wp\/v2\/media\/2046"}],"wp:attachment":[{"href":"https:\/\/new.comcosur.com\/index.php?rest_route=%2Fwp%2Fv2%2Fmedia&parent=2045"}],"wp:term":[{"taxonomy":"product_brand","embeddable":true,"href":"https:\/\/new.comcosur.com\/index.php?rest_route=%2Fwp%2Fv2%2Fproduct_brand&post=2045"},{"taxonomy":"product_cat","embeddable":true,"href":"https:\/\/new.comcosur.com\/index.php?rest_route=%2Fwp%2Fv2%2Fproduct_cat&post=2045"},{"taxonomy":"product_tag","embeddable":true,"href":"https:\/\/new.comcosur.com\/index.php?rest_route=%2Fwp%2Fv2%2Fproduct_tag&post=2045"},{"taxonomy":"autor","embeddable":true,"href":"https:\/\/new.comcosur.com\/index.php?rest_route=%2Fwp%2Fv2%2Fautor&post=2045"}],"curies":[{"name":"wp","href":"https:\/\/api.w.org\/{rel}","templated":true}]}}