{"id":204,"date":"2022-05-15T22:00:23","date_gmt":"2022-05-16T03:00:23","guid":{"rendered":"https:\/\/new.comcosur.com\/?post_type=product&#038;p=204"},"modified":"2025-01-16T10:46:06","modified_gmt":"2025-01-16T15:46:06","slug":"platero-y-yo","status":"publish","type":"product","link":"https:\/\/new.comcosur.com\/?product=platero-y-yo","title":{"rendered":"Platero y yo"},"content":{"rendered":"","protected":false},"excerpt":{"rendered":"<p>Platero es peque\u00f1o, peludo, suave; tan blando por fuera, que se dir\u00eda todo de algod\u00f3n, que no lleva huesos. Solo los espejos de azabache de sus ojos son duros, cual dos escarabajos de cristal negro. Lo dejo suelto y se va al prado, y lo acaricia tibiamente con su hocico, roz\u00e1ndolas apenas, las florecillas rosas, celestes y gualdas&#8230; Lo llamo dulcemente: \u00bfPlatero? Y viene a m\u00ed con un trotecillo alegre, que parece que se r\u00ede en no s\u00e9 qu\u00e9 cascabeleo ideal.<\/p>\n","protected":false},"featured_media":508,"comment_status":"closed","ping_status":"closed","template":"","meta":{"_acf_changed":false},"product_brand":[],"product_cat":[126],"product_tag":[],"autor":[52],"class_list":{"0":"post-204","1":"product","2":"type-product","3":"status-publish","4":"has-post-thumbnail","6":"product_cat-literatura-juvenil","7":"autor-juan-ramon-jimenez","9":"first","10":"instock","11":"shipping-taxable","12":"purchasable","13":"product-type-simple"},"acf":[],"_links":{"self":[{"href":"https:\/\/new.comcosur.com\/index.php?rest_route=\/wp\/v2\/product\/204","targetHints":{"allow":["GET"]}}],"collection":[{"href":"https:\/\/new.comcosur.com\/index.php?rest_route=\/wp\/v2\/product"}],"about":[{"href":"https:\/\/new.comcosur.com\/index.php?rest_route=\/wp\/v2\/types\/product"}],"replies":[{"embeddable":true,"href":"https:\/\/new.comcosur.com\/index.php?rest_route=%2Fwp%2Fv2%2Fcomments&post=204"}],"wp:featuredmedia":[{"embeddable":true,"href":"https:\/\/new.comcosur.com\/index.php?rest_route=\/wp\/v2\/media\/508"}],"wp:attachment":[{"href":"https:\/\/new.comcosur.com\/index.php?rest_route=%2Fwp%2Fv2%2Fmedia&parent=204"}],"wp:term":[{"taxonomy":"product_brand","embeddable":true,"href":"https:\/\/new.comcosur.com\/index.php?rest_route=%2Fwp%2Fv2%2Fproduct_brand&post=204"},{"taxonomy":"product_cat","embeddable":true,"href":"https:\/\/new.comcosur.com\/index.php?rest_route=%2Fwp%2Fv2%2Fproduct_cat&post=204"},{"taxonomy":"product_tag","embeddable":true,"href":"https:\/\/new.comcosur.com\/index.php?rest_route=%2Fwp%2Fv2%2Fproduct_tag&post=204"},{"taxonomy":"autor","embeddable":true,"href":"https:\/\/new.comcosur.com\/index.php?rest_route=%2Fwp%2Fv2%2Fautor&post=204"}],"curies":[{"name":"wp","href":"https:\/\/api.w.org\/{rel}","templated":true}]}}