{"id":203,"date":"2022-05-15T22:00:22","date_gmt":"2022-05-16T03:00:22","guid":{"rendered":"https:\/\/new.comcosur.com\/?post_type=product&#038;p=203"},"modified":"2025-01-15T15:04:22","modified_gmt":"2025-01-15T20:04:22","slug":"el-ocaso-de-los-idolos","status":"publish","type":"product","link":"https:\/\/new.comcosur.com\/?product=el-ocaso-de-los-idolos","title":{"rendered":"El ocaso de los idolos"},"content":{"rendered":"","protected":false},"excerpt":{"rendered":"<p>Esta obra es tambi\u00e9n como se\u00f1ala el t\u00edtulo, una distracci\u00f3n, un lugar bajo el sol, una huida hacia la ociosidad llevada a cabo por un psic\u00f3logo. \u00bfSer\u00e1 tambi\u00e9n una nueva guerra? \u00bfSon sometidos a examen nuevos \u00eddolos? Esta breve obra es una gran declaraci\u00f3n de guerra; y en lo que se refiere al examen profundo de \u00eddolos, en esta ocasi\u00f3n no se trata de \u00eddolos de nuestro tiempo, sino que los que aqu\u00ed son tocados por el martillo, como si fuera un diapas\u00f3n, son \u00eddolos eternos; no hay otros \u00eddolos m\u00e1s antiguos, m\u00e1s aceptados, m\u00e1s llenos de aire que estos. Tampoco los hay m\u00e1s huecos; lo que no es \u00f3bice para que sean aquellos en los que m\u00e1s se cree. En el caso m\u00e1s aristocr\u00e1tico, ni siquiera se les llama \u00eddolos&#8230;<\/p>\n<p>Incluye Ecce Homo.<\/p>\n","protected":false},"featured_media":443,"comment_status":"closed","ping_status":"closed","template":"","meta":{"_acf_changed":false},"product_brand":[],"product_cat":[109],"product_tag":[],"autor":[32],"class_list":{"0":"post-203","1":"product","2":"type-product","3":"status-publish","4":"has-post-thumbnail","6":"product_cat-filosofia","7":"autor-friedrich-nietzsche","9":"first","10":"instock","11":"shipping-taxable","12":"purchasable","13":"product-type-simple"},"acf":[],"_links":{"self":[{"href":"https:\/\/new.comcosur.com\/index.php?rest_route=\/wp\/v2\/product\/203","targetHints":{"allow":["GET"]}}],"collection":[{"href":"https:\/\/new.comcosur.com\/index.php?rest_route=\/wp\/v2\/product"}],"about":[{"href":"https:\/\/new.comcosur.com\/index.php?rest_route=\/wp\/v2\/types\/product"}],"replies":[{"embeddable":true,"href":"https:\/\/new.comcosur.com\/index.php?rest_route=%2Fwp%2Fv2%2Fcomments&post=203"}],"wp:featuredmedia":[{"embeddable":true,"href":"https:\/\/new.comcosur.com\/index.php?rest_route=\/wp\/v2\/media\/443"}],"wp:attachment":[{"href":"https:\/\/new.comcosur.com\/index.php?rest_route=%2Fwp%2Fv2%2Fmedia&parent=203"}],"wp:term":[{"taxonomy":"product_brand","embeddable":true,"href":"https:\/\/new.comcosur.com\/index.php?rest_route=%2Fwp%2Fv2%2Fproduct_brand&post=203"},{"taxonomy":"product_cat","embeddable":true,"href":"https:\/\/new.comcosur.com\/index.php?rest_route=%2Fwp%2Fv2%2Fproduct_cat&post=203"},{"taxonomy":"product_tag","embeddable":true,"href":"https:\/\/new.comcosur.com\/index.php?rest_route=%2Fwp%2Fv2%2Fproduct_tag&post=203"},{"taxonomy":"autor","embeddable":true,"href":"https:\/\/new.comcosur.com\/index.php?rest_route=%2Fwp%2Fv2%2Fautor&post=203"}],"curies":[{"name":"wp","href":"https:\/\/api.w.org\/{rel}","templated":true}]}}