{"id":202,"date":"2022-05-15T22:00:22","date_gmt":"2022-05-16T03:00:22","guid":{"rendered":"https:\/\/new.comcosur.com\/?post_type=product&#038;p=202"},"modified":"2025-01-16T10:33:41","modified_gmt":"2025-01-16T15:33:41","slug":"miguel-strogoff","status":"publish","type":"product","link":"https:\/\/new.comcosur.com\/?product=miguel-strogoff","title":{"rendered":"Miguel Strogoff"},"content":{"rendered":"","protected":false},"excerpt":{"rendered":"<p>En Rusia ha estallado la guerra. Los t\u00e1rtaros han invadido Siberia y han cortado las comunicaciones entre los dos extremos del vasto imperio. Iv\u00e1n Ogareff, un oficial degradado, se ha vendido al enemigo. Ha prometido a los t\u00e1rtaros que les entregar\u00e1 la ciudad de Irkutsk, donde se encuentra el Gran Duque, hermano del zar, y lo har\u00e1 de la manera m\u00e1s cobarde: por medio de la traici\u00f3n. Miguel Strogoff, capit\u00e1n del cuerpo de correos del zar, deber\u00e1 cruzar el imperio de manera inc\u00f3gnita, atravesar la fr\u00eda estepa y las l\u00edneas enemigas, y llegar a Irkutsk antes que Iv\u00e1n Ogareff para frustrar su enga\u00f1o. <em>Miguel Strogoff<\/em> destaca entre los grandes cl\u00e1sicos que nos dej\u00f3 J. Verne por la trama que relata a trav\u00e9s de sus personajes. En ellos se refleja el humor, la fortaleza de los protagonistas, el inmenso respeto que se transformar\u00e1 en cari\u00f1o y el amor de Miguel por su madre. Todo ello, junto con las descripciones de los paisajes de Rusia y sus gentes, har\u00e1 que la novela resulte inolvidable.<\/p>\n","protected":false},"featured_media":496,"comment_status":"closed","ping_status":"closed","template":"","meta":{"_acf_changed":false},"product_brand":[],"product_cat":[97],"product_tag":[],"autor":[21],"class_list":{"0":"post-202","1":"product","2":"type-product","3":"status-publish","4":"has-post-thumbnail","6":"product_cat-novela-de-aventuras","7":"autor-julio-verne","9":"first","10":"instock","11":"shipping-taxable","12":"purchasable","13":"product-type-simple"},"acf":[],"_links":{"self":[{"href":"https:\/\/new.comcosur.com\/index.php?rest_route=\/wp\/v2\/product\/202","targetHints":{"allow":["GET"]}}],"collection":[{"href":"https:\/\/new.comcosur.com\/index.php?rest_route=\/wp\/v2\/product"}],"about":[{"href":"https:\/\/new.comcosur.com\/index.php?rest_route=\/wp\/v2\/types\/product"}],"replies":[{"embeddable":true,"href":"https:\/\/new.comcosur.com\/index.php?rest_route=%2Fwp%2Fv2%2Fcomments&post=202"}],"wp:featuredmedia":[{"embeddable":true,"href":"https:\/\/new.comcosur.com\/index.php?rest_route=\/wp\/v2\/media\/496"}],"wp:attachment":[{"href":"https:\/\/new.comcosur.com\/index.php?rest_route=%2Fwp%2Fv2%2Fmedia&parent=202"}],"wp:term":[{"taxonomy":"product_brand","embeddable":true,"href":"https:\/\/new.comcosur.com\/index.php?rest_route=%2Fwp%2Fv2%2Fproduct_brand&post=202"},{"taxonomy":"product_cat","embeddable":true,"href":"https:\/\/new.comcosur.com\/index.php?rest_route=%2Fwp%2Fv2%2Fproduct_cat&post=202"},{"taxonomy":"product_tag","embeddable":true,"href":"https:\/\/new.comcosur.com\/index.php?rest_route=%2Fwp%2Fv2%2Fproduct_tag&post=202"},{"taxonomy":"autor","embeddable":true,"href":"https:\/\/new.comcosur.com\/index.php?rest_route=%2Fwp%2Fv2%2Fautor&post=202"}],"curies":[{"name":"wp","href":"https:\/\/api.w.org\/{rel}","templated":true}]}}