{"id":200,"date":"2022-05-15T22:00:22","date_gmt":"2022-05-16T03:00:22","guid":{"rendered":"https:\/\/new.comcosur.com\/?post_type=product&#038;p=200"},"modified":"2025-01-16T11:36:01","modified_gmt":"2025-01-16T16:36:01","slug":"un-capitan-de-15-anos","status":"publish","type":"product","link":"https:\/\/new.comcosur.com\/?product=un-capitan-de-15-anos","title":{"rendered":"Un Capit\u00e1n de 15 a\u00f1os"},"content":{"rendered":"","protected":false},"excerpt":{"rendered":"<p><em>Un capit\u00e1n de quince a\u00f1os<\/em> es una de las m\u00e1s destacadas obras de Julio Verne, quien es considerado hoy en d\u00eda el padre de la ciencia ficci\u00f3n. Sus novelas han inspirado las m\u00e1s grandes haza\u00f1as de la humanidad y han sumergido a generaciones de lectores en los m\u00e1s apasionantes viajes y aventuras. En la obra, una cacer\u00eda de ballenas en el Oc\u00e9ano Pac\u00edfico, en una regi\u00f3n comprendida entre Nueva Zelanda y las Am\u00e9ricas, termina en una tragedia. Dick Sand, un grumete de tan solo 15 a\u00f1os, se convierte en el capit\u00e1n del <em>Pilgrim<\/em>. Sin poseer las habilidades de un capit\u00e1n, Dick trata de llevar el nav\u00edo hacia el este, para llegar a la costa sudamericana. Sin embargo, el cocinero de la embarcaci\u00f3n planea desviar el nav\u00edo y llevarlo hacia las costas de Angola, en el continente africano. Sus planes, adem\u00e1s, tienen como prop\u00f3sito matar a Dick y vender al resto de los pasajeros de la nave como esclavos.<\/p>\n","protected":false},"featured_media":519,"comment_status":"closed","ping_status":"closed","template":"","meta":{"_acf_changed":false},"product_brand":[],"product_cat":[103],"product_tag":[],"autor":[21],"class_list":{"0":"post-200","1":"product","2":"type-product","3":"status-publish","4":"has-post-thumbnail","6":"product_cat-ficcion-de-aventuras","7":"autor-julio-verne","9":"first","10":"instock","11":"shipping-taxable","12":"purchasable","13":"product-type-simple"},"acf":[],"_links":{"self":[{"href":"https:\/\/new.comcosur.com\/index.php?rest_route=\/wp\/v2\/product\/200","targetHints":{"allow":["GET"]}}],"collection":[{"href":"https:\/\/new.comcosur.com\/index.php?rest_route=\/wp\/v2\/product"}],"about":[{"href":"https:\/\/new.comcosur.com\/index.php?rest_route=\/wp\/v2\/types\/product"}],"replies":[{"embeddable":true,"href":"https:\/\/new.comcosur.com\/index.php?rest_route=%2Fwp%2Fv2%2Fcomments&post=200"}],"wp:featuredmedia":[{"embeddable":true,"href":"https:\/\/new.comcosur.com\/index.php?rest_route=\/wp\/v2\/media\/519"}],"wp:attachment":[{"href":"https:\/\/new.comcosur.com\/index.php?rest_route=%2Fwp%2Fv2%2Fmedia&parent=200"}],"wp:term":[{"taxonomy":"product_brand","embeddable":true,"href":"https:\/\/new.comcosur.com\/index.php?rest_route=%2Fwp%2Fv2%2Fproduct_brand&post=200"},{"taxonomy":"product_cat","embeddable":true,"href":"https:\/\/new.comcosur.com\/index.php?rest_route=%2Fwp%2Fv2%2Fproduct_cat&post=200"},{"taxonomy":"product_tag","embeddable":true,"href":"https:\/\/new.comcosur.com\/index.php?rest_route=%2Fwp%2Fv2%2Fproduct_tag&post=200"},{"taxonomy":"autor","embeddable":true,"href":"https:\/\/new.comcosur.com\/index.php?rest_route=%2Fwp%2Fv2%2Fautor&post=200"}],"curies":[{"name":"wp","href":"https:\/\/api.w.org\/{rel}","templated":true}]}}