{"id":197,"date":"2022-05-15T22:00:21","date_gmt":"2022-05-16T03:00:21","guid":{"rendered":"https:\/\/new.comcosur.com\/?post_type=product&#038;p=197"},"modified":"2025-01-15T13:05:04","modified_gmt":"2025-01-15T18:05:04","slug":"el-gato-negro","status":"publish","type":"product","link":"https:\/\/new.comcosur.com\/?product=el-gato-negro","title":{"rendered":"El Gato Negro"},"content":{"rendered":"","protected":false},"excerpt":{"rendered":"<p>Una noche, al regresar a casa, muy embriagado, de uno de mis lugares predilectos en el centro de la ciudad, me imagin\u00e9 que el gato evitaba mi presencia. Lo agarr\u00e9 y, asustado por mi violencia, me mordi\u00f3 levemente en la mano. Al instante se apoder\u00f3 de m\u00ed la furia de un demonio. Ya no me reconoc\u00eda a m\u00ed mismo. Mi alma original pareci\u00f3 volar de pronto de mi cuerpo; y una malevolencia, m\u00e1s que diab\u00f3lica, alimentada por la ginebra, estremeci\u00f3 cada fibra de mi ser. Saqu\u00e9 del bolsillo del chaleco un cortaplumas, lo abr\u00ed, sujet\u00e9 a la pobre bestia por la garganta y \u00a1deliberadamente le saqu\u00e9 un ojo! Siento verg\u00fcenza, me abraso, tiemblo mientras escribo sobre aquella condenable atrocidad. Cuando, con la ma\u00f1ana, mi raz\u00f3n retorn\u00f3, cuando con el sue\u00f1o se hab\u00edan disipado los vapores de la org\u00eda nocturna, experiment\u00e9 un sentimiento de horror mezclado con remordimiento ante el crimen del que era culpable. Pero solo fue un sentimiento d\u00e9bil y equ\u00edvoco, y no lleg\u00f3 a tocar mi alma. Otra vez me hund\u00ed en los excesos y pronto ahogu\u00e9 en vino todo recuerdo del acto.<\/p>\n","protected":false},"featured_media":432,"comment_status":"closed","ping_status":"closed","template":"","meta":{"_acf_changed":false},"product_brand":[],"product_cat":[100],"product_tag":[],"autor":[66],"class_list":{"0":"post-197","1":"product","2":"type-product","3":"status-publish","4":"has-post-thumbnail","6":"product_cat-horror","7":"autor-edgar-allan-poe","9":"first","10":"instock","11":"shipping-taxable","12":"purchasable","13":"product-type-simple"},"acf":[],"_links":{"self":[{"href":"https:\/\/new.comcosur.com\/index.php?rest_route=\/wp\/v2\/product\/197","targetHints":{"allow":["GET"]}}],"collection":[{"href":"https:\/\/new.comcosur.com\/index.php?rest_route=\/wp\/v2\/product"}],"about":[{"href":"https:\/\/new.comcosur.com\/index.php?rest_route=\/wp\/v2\/types\/product"}],"replies":[{"embeddable":true,"href":"https:\/\/new.comcosur.com\/index.php?rest_route=%2Fwp%2Fv2%2Fcomments&post=197"}],"wp:featuredmedia":[{"embeddable":true,"href":"https:\/\/new.comcosur.com\/index.php?rest_route=\/wp\/v2\/media\/432"}],"wp:attachment":[{"href":"https:\/\/new.comcosur.com\/index.php?rest_route=%2Fwp%2Fv2%2Fmedia&parent=197"}],"wp:term":[{"taxonomy":"product_brand","embeddable":true,"href":"https:\/\/new.comcosur.com\/index.php?rest_route=%2Fwp%2Fv2%2Fproduct_brand&post=197"},{"taxonomy":"product_cat","embeddable":true,"href":"https:\/\/new.comcosur.com\/index.php?rest_route=%2Fwp%2Fv2%2Fproduct_cat&post=197"},{"taxonomy":"product_tag","embeddable":true,"href":"https:\/\/new.comcosur.com\/index.php?rest_route=%2Fwp%2Fv2%2Fproduct_tag&post=197"},{"taxonomy":"autor","embeddable":true,"href":"https:\/\/new.comcosur.com\/index.php?rest_route=%2Fwp%2Fv2%2Fautor&post=197"}],"curies":[{"name":"wp","href":"https:\/\/api.w.org\/{rel}","templated":true}]}}