{"id":194,"date":"2022-05-15T22:00:21","date_gmt":"2022-05-16T03:00:21","guid":{"rendered":"https:\/\/new.comcosur.com\/?post_type=product&#038;p=194"},"modified":"2025-01-15T17:01:57","modified_gmt":"2025-01-15T22:01:57","slug":"manual-de-urbanidad","status":"publish","type":"product","link":"https:\/\/new.comcosur.com\/?product=manual-de-urbanidad","title":{"rendered":"Manual de Urbanidad"},"content":{"rendered":"","protected":false},"excerpt":{"rendered":"<p>EL BUEN CIUDADANO Respeta las leyes y normas que rigen la vida de la sociedad. Observa fielmente las normas de tr\u00e1fico. Ayuda en la conservaci\u00f3n de la naturaleza. Es sensible con los m\u00e1s necesitados. Evita la agresividad y la violencia. Act\u00faa con sentido solidario. Desarrolla un verdadero compromiso social. Respeta las ideolog\u00edas y las creencias religiosas.<br \/>\nIncluye <em>La carta a Garc\u00eda<\/em><\/p>\n","protected":false},"featured_media":1408,"comment_status":"closed","ping_status":"closed","template":"","meta":{"_acf_changed":false},"product_brand":[],"product_cat":[107],"product_tag":[],"autor":[64],"class_list":{"0":"post-194","1":"product","2":"type-product","3":"status-publish","4":"has-post-thumbnail","6":"product_cat-etica-y-civismo","7":"autor-manuel-antonio-carreno","9":"first","10":"instock","11":"shipping-taxable","12":"purchasable","13":"product-type-simple"},"acf":[],"_links":{"self":[{"href":"https:\/\/new.comcosur.com\/index.php?rest_route=\/wp\/v2\/product\/194","targetHints":{"allow":["GET"]}}],"collection":[{"href":"https:\/\/new.comcosur.com\/index.php?rest_route=\/wp\/v2\/product"}],"about":[{"href":"https:\/\/new.comcosur.com\/index.php?rest_route=\/wp\/v2\/types\/product"}],"replies":[{"embeddable":true,"href":"https:\/\/new.comcosur.com\/index.php?rest_route=%2Fwp%2Fv2%2Fcomments&post=194"}],"wp:featuredmedia":[{"embeddable":true,"href":"https:\/\/new.comcosur.com\/index.php?rest_route=\/wp\/v2\/media\/1408"}],"wp:attachment":[{"href":"https:\/\/new.comcosur.com\/index.php?rest_route=%2Fwp%2Fv2%2Fmedia&parent=194"}],"wp:term":[{"taxonomy":"product_brand","embeddable":true,"href":"https:\/\/new.comcosur.com\/index.php?rest_route=%2Fwp%2Fv2%2Fproduct_brand&post=194"},{"taxonomy":"product_cat","embeddable":true,"href":"https:\/\/new.comcosur.com\/index.php?rest_route=%2Fwp%2Fv2%2Fproduct_cat&post=194"},{"taxonomy":"product_tag","embeddable":true,"href":"https:\/\/new.comcosur.com\/index.php?rest_route=%2Fwp%2Fv2%2Fproduct_tag&post=194"},{"taxonomy":"autor","embeddable":true,"href":"https:\/\/new.comcosur.com\/index.php?rest_route=%2Fwp%2Fv2%2Fautor&post=194"}],"curies":[{"name":"wp","href":"https:\/\/api.w.org\/{rel}","templated":true}]}}