{"id":1917,"date":"2024-07-17T10:34:43","date_gmt":"2024-07-17T15:34:43","guid":{"rendered":"https:\/\/new.comcosur.com\/?post_type=product&#038;p=1917"},"modified":"2025-01-15T13:10:12","modified_gmt":"2025-01-15T18:10:12","slug":"el-hombre-mediocre","status":"publish","type":"product","link":"https:\/\/new.comcosur.com\/?product=el-hombre-mediocre","title":{"rendered":"El hombre mediocre"},"content":{"rendered":"","protected":false},"excerpt":{"rendered":"<p>\u2b50\u2b50\u2b50\u2b50\u2b50<\/p>\n<div class=\"flex max-w-full flex-col flex-grow\">\n<div class=\"min-h-8 text-message flex w-full flex-col items-end gap-2 whitespace-normal break-words text-start [.text-message+&amp;]:mt-5\" dir=\"auto\" data-message-author-role=\"assistant\" data-message-id=\"6a3edd11-394b-4bb3-99b8-4255415b29c5\" data-message-model-slug=\"gpt-4o-mini\">\n<div class=\"flex w-full flex-col gap-1 empty:hidden first:pt-[3px]\">\n<div class=\"markdown prose w-full break-words dark:prose-invert light\">\n<p>Jos\u00e9 Ingenieros nos presenta en este libro dos modelos de personas que habitan en la sociedad: el hombre superior y el hombre mediocre. El hombre superior es aquel que se eleva por encima de las determinaciones de la naturaleza y de la sociedad y erige su propio destino. El hombre mediocre es aquel de mente ciega, que no inventa nada, perezoso, no empuja, necesita ser conducido, no rompe, no engendra; f\u00e9rreamente se cierra en prejuicios y dogmas.<br \/>\n\u201cAunque los hombres carecemos de misi\u00f3n trascendental sobre la tierra, en cuya superficie vivimos tan naturalmente como la rosa y el gusano, nuestra vida no es digna de ser vivida sino cuando la ennoblece alg\u00fan ideal: los m\u00e1s altos placeres son inherentes a proponerse una perfecci\u00f3n y perseguirla. Las existencias vegetativas no tienen biograf\u00eda: en la historia de su sociedad s\u00f3lo vive el que deja rastros en las cosas o en los esp\u00edritus. La vida vale por el uso que de ella hacemos, por las obras que realizamos. No ha vivido m\u00e1s el que cuenta m\u00e1s a\u00f1os, sino el que ha sentido mejor un ideal; las canas denuncian la vejez, pero no dicen cu\u00e1nta juventud la precedi\u00f3. La medida social del hombre est\u00e1 en la duraci\u00f3n de sus obras: la inmortalidad es el privilegio de quienes las hacen sobrevivientes a los siglos, y por ellas se mide\u201d.<\/p>\n<p>Nuestra vida no es digna de ser vivida sino cuando la ennoblece alg\u00fan ideal.<\/p>\n<\/div>\n<\/div>\n<\/div>\n<\/div>\n","protected":false},"featured_media":1920,"comment_status":"closed","ping_status":"closed","template":"","meta":{"_acf_changed":false},"product_brand":[],"product_cat":[15,112,107,109,126],"product_tag":[],"autor":[162],"class_list":{"0":"post-1917","1":"product","2":"type-product","3":"status-publish","4":"has-post-thumbnail","6":"product_cat-literatura","7":"product_cat-autoayuda","8":"product_cat-etica-y-civismo","9":"product_cat-filosofia","10":"product_cat-literatura-juvenil","11":"autor-jose-ingenieros","13":"first","14":"instock","15":"shipping-taxable","16":"purchasable","17":"product-type-simple"},"acf":[],"_links":{"self":[{"href":"https:\/\/new.comcosur.com\/index.php?rest_route=\/wp\/v2\/product\/1917","targetHints":{"allow":["GET"]}}],"collection":[{"href":"https:\/\/new.comcosur.com\/index.php?rest_route=\/wp\/v2\/product"}],"about":[{"href":"https:\/\/new.comcosur.com\/index.php?rest_route=\/wp\/v2\/types\/product"}],"replies":[{"embeddable":true,"href":"https:\/\/new.comcosur.com\/index.php?rest_route=%2Fwp%2Fv2%2Fcomments&post=1917"}],"wp:featuredmedia":[{"embeddable":true,"href":"https:\/\/new.comcosur.com\/index.php?rest_route=\/wp\/v2\/media\/1920"}],"wp:attachment":[{"href":"https:\/\/new.comcosur.com\/index.php?rest_route=%2Fwp%2Fv2%2Fmedia&parent=1917"}],"wp:term":[{"taxonomy":"product_brand","embeddable":true,"href":"https:\/\/new.comcosur.com\/index.php?rest_route=%2Fwp%2Fv2%2Fproduct_brand&post=1917"},{"taxonomy":"product_cat","embeddable":true,"href":"https:\/\/new.comcosur.com\/index.php?rest_route=%2Fwp%2Fv2%2Fproduct_cat&post=1917"},{"taxonomy":"product_tag","embeddable":true,"href":"https:\/\/new.comcosur.com\/index.php?rest_route=%2Fwp%2Fv2%2Fproduct_tag&post=1917"},{"taxonomy":"autor","embeddable":true,"href":"https:\/\/new.comcosur.com\/index.php?rest_route=%2Fwp%2Fv2%2Fautor&post=1917"}],"curies":[{"name":"wp","href":"https:\/\/api.w.org\/{rel}","templated":true}]}}