{"id":191,"date":"2022-05-15T22:00:20","date_gmt":"2022-05-16T03:00:20","guid":{"rendered":"https:\/\/new.comcosur.com\/?post_type=product&#038;p=191"},"modified":"2025-01-15T15:12:16","modified_gmt":"2025-01-15T20:12:16","slug":"el-proceso","status":"publish","type":"product","link":"https:\/\/new.comcosur.com\/?product=el-proceso","title":{"rendered":"El proceso"},"content":{"rendered":"","protected":false},"excerpt":{"rendered":"<p><em>El<\/em> <em>Proceso<\/em> apareci\u00f3 por primera vez en M\u00fanich en 1925, al a\u00f1o siguiente de la muerte de Kafka. Los existencialistas la toman como punto de referencia para su movimiento, siendo una de las obras representativas del desaliento del ser humano frente a lo absurdo, y <em>El proceso<\/em> es, sin lugar a dudas, donde mejor se manifiesta esta sensaci\u00f3n. <em>La peste<\/em> de Albert Camus es un homenaje oblicuo a la novela de Kafka. En la obra de Kafka se analizan importantes cuestiones existenciales, apasionantes temas que han dado para discutir la forma de afrontar la vida. El director de cine Orson Welles la adapt\u00f3 a la cinematograf\u00eda en el a\u00f1o 1962, a\u00f1adi\u00e9ndole un final distinto a la trama.<\/p>\n","protected":false},"featured_media":450,"comment_status":"closed","ping_status":"closed","template":"","meta":{"_acf_changed":false},"product_brand":[],"product_cat":[111],"product_tag":[],"autor":[55],"class_list":{"0":"post-191","1":"product","2":"type-product","3":"status-publish","4":"has-post-thumbnail","6":"product_cat-novela-filosofica","7":"autor-franz-kafka","9":"first","10":"instock","11":"shipping-taxable","12":"purchasable","13":"product-type-simple"},"acf":[],"_links":{"self":[{"href":"https:\/\/new.comcosur.com\/index.php?rest_route=\/wp\/v2\/product\/191","targetHints":{"allow":["GET"]}}],"collection":[{"href":"https:\/\/new.comcosur.com\/index.php?rest_route=\/wp\/v2\/product"}],"about":[{"href":"https:\/\/new.comcosur.com\/index.php?rest_route=\/wp\/v2\/types\/product"}],"replies":[{"embeddable":true,"href":"https:\/\/new.comcosur.com\/index.php?rest_route=%2Fwp%2Fv2%2Fcomments&post=191"}],"wp:featuredmedia":[{"embeddable":true,"href":"https:\/\/new.comcosur.com\/index.php?rest_route=\/wp\/v2\/media\/450"}],"wp:attachment":[{"href":"https:\/\/new.comcosur.com\/index.php?rest_route=%2Fwp%2Fv2%2Fmedia&parent=191"}],"wp:term":[{"taxonomy":"product_brand","embeddable":true,"href":"https:\/\/new.comcosur.com\/index.php?rest_route=%2Fwp%2Fv2%2Fproduct_brand&post=191"},{"taxonomy":"product_cat","embeddable":true,"href":"https:\/\/new.comcosur.com\/index.php?rest_route=%2Fwp%2Fv2%2Fproduct_cat&post=191"},{"taxonomy":"product_tag","embeddable":true,"href":"https:\/\/new.comcosur.com\/index.php?rest_route=%2Fwp%2Fv2%2Fproduct_tag&post=191"},{"taxonomy":"autor","embeddable":true,"href":"https:\/\/new.comcosur.com\/index.php?rest_route=%2Fwp%2Fv2%2Fautor&post=191"}],"curies":[{"name":"wp","href":"https:\/\/api.w.org\/{rel}","templated":true}]}}