{"id":190,"date":"2022-05-15T22:00:20","date_gmt":"2022-05-16T03:00:20","guid":{"rendered":"https:\/\/new.comcosur.com\/?post_type=product&#038;p=190"},"modified":"2025-01-15T13:17:06","modified_gmt":"2025-01-15T18:17:06","slug":"el-faro-al-fin-del-mundo","status":"publish","type":"product","link":"https:\/\/new.comcosur.com\/?product=el-faro-al-fin-del-mundo","title":{"rendered":"El Faro del fin del Mundo"},"content":{"rendered":"","protected":false},"excerpt":{"rendered":"<p>En la isla de los Estados,\u200b una isla deshabitada de la Patagonia argentina, donde se confunden los oc\u00e9anos Atl\u00e1ntico y Pac\u00edfico, habita una banda de piratas dirigidos por el temible Kongre. Estos piratas se dedican a atacar embarcaciones que encallan en la zona. Su modo de vida se ve seriamente amenazado cuando el gobierno argentino construye y pone en funcionamiento un faro (el actualmente conocido como Faro del Fin del Mundo) que dejan al cuidado de tres fareros. Los piratas dan muerte a dos de ellos, y dejan con vida \u00fanicamente al jefe, V\u00e1zquez, que ha logrado ocultarse. El valiente V\u00e1zquez tratar\u00e1 entonces de sobrevivir en ese lejano paraje, y al mismo tiempo buscar\u00e1 la manera de acabar con las fechor\u00edas de los malhechores. Posteriormente, un n\u00e1ufrago estadounidense de origen escoc\u00e9s, John Davis, ser\u00e1 el compa\u00f1ero de V\u00e1zquez en su lucha contra los piratas.<\/p>\n","protected":false},"featured_media":431,"comment_status":"closed","ping_status":"closed","template":"","meta":{"_acf_changed":false},"product_brand":[],"product_cat":[103],"product_tag":[],"autor":[21],"class_list":{"0":"post-190","1":"product","2":"type-product","3":"status-publish","4":"has-post-thumbnail","6":"product_cat-ficcion-de-aventuras","7":"autor-julio-verne","9":"first","10":"instock","11":"shipping-taxable","12":"purchasable","13":"product-type-simple"},"acf":[],"_links":{"self":[{"href":"https:\/\/new.comcosur.com\/index.php?rest_route=\/wp\/v2\/product\/190","targetHints":{"allow":["GET"]}}],"collection":[{"href":"https:\/\/new.comcosur.com\/index.php?rest_route=\/wp\/v2\/product"}],"about":[{"href":"https:\/\/new.comcosur.com\/index.php?rest_route=\/wp\/v2\/types\/product"}],"replies":[{"embeddable":true,"href":"https:\/\/new.comcosur.com\/index.php?rest_route=%2Fwp%2Fv2%2Fcomments&post=190"}],"wp:featuredmedia":[{"embeddable":true,"href":"https:\/\/new.comcosur.com\/index.php?rest_route=\/wp\/v2\/media\/431"}],"wp:attachment":[{"href":"https:\/\/new.comcosur.com\/index.php?rest_route=%2Fwp%2Fv2%2Fmedia&parent=190"}],"wp:term":[{"taxonomy":"product_brand","embeddable":true,"href":"https:\/\/new.comcosur.com\/index.php?rest_route=%2Fwp%2Fv2%2Fproduct_brand&post=190"},{"taxonomy":"product_cat","embeddable":true,"href":"https:\/\/new.comcosur.com\/index.php?rest_route=%2Fwp%2Fv2%2Fproduct_cat&post=190"},{"taxonomy":"product_tag","embeddable":true,"href":"https:\/\/new.comcosur.com\/index.php?rest_route=%2Fwp%2Fv2%2Fproduct_tag&post=190"},{"taxonomy":"autor","embeddable":true,"href":"https:\/\/new.comcosur.com\/index.php?rest_route=%2Fwp%2Fv2%2Fautor&post=190"}],"curies":[{"name":"wp","href":"https:\/\/api.w.org\/{rel}","templated":true}]}}