{"id":189,"date":"2022-05-15T22:00:20","date_gmt":"2022-05-16T03:00:20","guid":{"rendered":"https:\/\/new.comcosur.com\/?post_type=product&#038;p=189"},"modified":"2025-01-15T11:27:43","modified_gmt":"2025-01-15T16:27:43","slug":"america","status":"publish","type":"product","link":"https:\/\/new.comcosur.com\/?product=america","title":{"rendered":"Am\u00e9rica"},"content":{"rendered":"","protected":false},"excerpt":{"rendered":"<p>El objetivo vital para el emigrante en Am\u00e9rica es conseguir un empleo (cualquiera que este sea), lo que ir\u00f3nicamente se convierte en la meta trascendental de toda su existencia. Vivir y ser solo para conseguir un empleo. \u00bfQu\u00e9 clase de \u00absue\u00f1o americano\u00bb es ese?<\/p>\n<p><em>Am\u00e9rica<\/em> es una novela del escritor Franz Kafka, iniciada en 1911, dejada inconclusa en 1912 y publicada p\u00f3stumamente en 1927. Desde 1982 se publica con el t\u00edtulo original que Kafka hab\u00eda pensado: <em>El desaparecido<\/em>. Fue Max Brod quien cambi\u00f3 dicho t\u00edtulo por el de <em>Am\u00e9rica<\/em>.<\/p>\n","protected":false},"featured_media":1687,"comment_status":"closed","ping_status":"closed","template":"","meta":{"_acf_changed":false},"product_brand":[],"product_cat":[104],"product_tag":[],"autor":[55],"class_list":{"0":"post-189","1":"product","2":"type-product","3":"status-publish","4":"has-post-thumbnail","6":"product_cat-novela","7":"autor-franz-kafka","9":"first","10":"instock","11":"shipping-taxable","12":"purchasable","13":"product-type-simple"},"acf":[],"_links":{"self":[{"href":"https:\/\/new.comcosur.com\/index.php?rest_route=\/wp\/v2\/product\/189","targetHints":{"allow":["GET"]}}],"collection":[{"href":"https:\/\/new.comcosur.com\/index.php?rest_route=\/wp\/v2\/product"}],"about":[{"href":"https:\/\/new.comcosur.com\/index.php?rest_route=\/wp\/v2\/types\/product"}],"replies":[{"embeddable":true,"href":"https:\/\/new.comcosur.com\/index.php?rest_route=%2Fwp%2Fv2%2Fcomments&post=189"}],"wp:featuredmedia":[{"embeddable":true,"href":"https:\/\/new.comcosur.com\/index.php?rest_route=\/wp\/v2\/media\/1687"}],"wp:attachment":[{"href":"https:\/\/new.comcosur.com\/index.php?rest_route=%2Fwp%2Fv2%2Fmedia&parent=189"}],"wp:term":[{"taxonomy":"product_brand","embeddable":true,"href":"https:\/\/new.comcosur.com\/index.php?rest_route=%2Fwp%2Fv2%2Fproduct_brand&post=189"},{"taxonomy":"product_cat","embeddable":true,"href":"https:\/\/new.comcosur.com\/index.php?rest_route=%2Fwp%2Fv2%2Fproduct_cat&post=189"},{"taxonomy":"product_tag","embeddable":true,"href":"https:\/\/new.comcosur.com\/index.php?rest_route=%2Fwp%2Fv2%2Fproduct_tag&post=189"},{"taxonomy":"autor","embeddable":true,"href":"https:\/\/new.comcosur.com\/index.php?rest_route=%2Fwp%2Fv2%2Fautor&post=189"}],"curies":[{"name":"wp","href":"https:\/\/api.w.org\/{rel}","templated":true}]}}