{"id":188,"date":"2022-05-15T22:00:19","date_gmt":"2022-05-16T03:00:19","guid":{"rendered":"https:\/\/new.comcosur.com\/?post_type=product&#038;p=188"},"modified":"2025-01-15T11:24:12","modified_gmt":"2025-01-15T16:24:12","slug":"alicia-a-traves-del-espejo","status":"publish","type":"product","link":"https:\/\/new.comcosur.com\/?product=alicia-a-traves-del-espejo","title":{"rendered":"Alicia a trav\u00e9s del espejo"},"content":{"rendered":"","protected":false},"excerpt":{"rendered":"<p>Alicia regresa al mundo m\u00e1gico de las maravillas, donde la Reina Blanca le encomienda la misi\u00f3n de viajar en el tiempo para ayudar a salvar a la familia del Sombrerero Loco. Una vez en el pasado, tendr\u00e1 que enfrentarse a la malvada Reina Roja.<\/p>\n<p>La historia est\u00e1 concebida como una partida de ajedrez, donde los arroyos y los setos dividen las casillas, y Alicia es un pe\u00f3n que aspira a convertirse en reina; una partida en la que nada tiene sentido y nada es lo que parece. En el mundo del espejo, la realidad est\u00e1 distorsionada, o quiz\u00e1 solo es otro modo de percibirla. En este mundo, para ir a cualquier lugar, la mejor manera es alejarse, y para cortar una tarta hay que repartirla primero.<\/p>\n","protected":false},"featured_media":400,"comment_status":"closed","ping_status":"closed","template":"","meta":{"_acf_changed":false},"product_brand":[],"product_cat":[114],"product_tag":[],"autor":[77],"class_list":{"0":"post-188","1":"product","2":"type-product","3":"status-publish","4":"has-post-thumbnail","6":"product_cat-literatura-infantil","7":"autor-lewis-carroll","9":"first","10":"instock","11":"shipping-taxable","12":"purchasable","13":"product-type-simple"},"acf":[],"_links":{"self":[{"href":"https:\/\/new.comcosur.com\/index.php?rest_route=\/wp\/v2\/product\/188","targetHints":{"allow":["GET"]}}],"collection":[{"href":"https:\/\/new.comcosur.com\/index.php?rest_route=\/wp\/v2\/product"}],"about":[{"href":"https:\/\/new.comcosur.com\/index.php?rest_route=\/wp\/v2\/types\/product"}],"replies":[{"embeddable":true,"href":"https:\/\/new.comcosur.com\/index.php?rest_route=%2Fwp%2Fv2%2Fcomments&post=188"}],"wp:featuredmedia":[{"embeddable":true,"href":"https:\/\/new.comcosur.com\/index.php?rest_route=\/wp\/v2\/media\/400"}],"wp:attachment":[{"href":"https:\/\/new.comcosur.com\/index.php?rest_route=%2Fwp%2Fv2%2Fmedia&parent=188"}],"wp:term":[{"taxonomy":"product_brand","embeddable":true,"href":"https:\/\/new.comcosur.com\/index.php?rest_route=%2Fwp%2Fv2%2Fproduct_brand&post=188"},{"taxonomy":"product_cat","embeddable":true,"href":"https:\/\/new.comcosur.com\/index.php?rest_route=%2Fwp%2Fv2%2Fproduct_cat&post=188"},{"taxonomy":"product_tag","embeddable":true,"href":"https:\/\/new.comcosur.com\/index.php?rest_route=%2Fwp%2Fv2%2Fproduct_tag&post=188"},{"taxonomy":"autor","embeddable":true,"href":"https:\/\/new.comcosur.com\/index.php?rest_route=%2Fwp%2Fv2%2Fautor&post=188"}],"curies":[{"name":"wp","href":"https:\/\/api.w.org\/{rel}","templated":true}]}}