{"id":187,"date":"2022-05-15T21:54:27","date_gmt":"2022-05-16T02:54:27","guid":{"rendered":"https:\/\/new.comcosur.com\/?post_type=product&#038;p=187"},"modified":"2025-01-15T11:25:25","modified_gmt":"2025-01-15T16:25:25","slug":"alicia-en-el-pais-de-las-maravillas","status":"publish","type":"product","link":"https:\/\/new.comcosur.com\/?product=alicia-en-el-pais-de-las-maravillas","title":{"rendered":"Alicia en el Pa\u00eds de las Maravillas"},"content":{"rendered":"","protected":false},"excerpt":{"rendered":"<p><em>Las aventuras de Alicia en el pa\u00eds de las maravillas<\/em>, com\u00fanmente abreviado como <em>Alicia en el pa\u00eds de las maravillas<\/em>, es una novela de fantas\u00eda escrita por el matem\u00e1tico, l\u00f3gico, fot\u00f3grafo y escritor brit\u00e1nico Charles Lutwidge Dodgson, bajo el seud\u00f3nimo de Lewis Carroll, y publicada en 1865.<\/p>\n<p>La historia narra c\u00f3mo una ni\u00f1a llamada Alicia cae por un agujero y se encuentra en un mundo peculiar, habitado por humanos y criaturas antropom\u00f3rficas. El libro juega con la l\u00f3gica, lo que le ha otorgado gran popularidad tanto entre ni\u00f1os como entre adultos. Est\u00e1 considerado una de las mejores novelas del g\u00e9nero del sinsentido. Su narrativa y estructura, junto con sus personajes, han ejercido una gran influencia tanto en la cultura popular como en la literatura, especialmente en el g\u00e9nero fant\u00e1stico.<\/p>\n","protected":false},"featured_media":1689,"comment_status":"closed","ping_status":"closed","template":"","meta":{"_acf_changed":false},"product_brand":[],"product_cat":[104],"product_tag":[],"autor":[77],"class_list":{"0":"post-187","1":"product","2":"type-product","3":"status-publish","4":"has-post-thumbnail","6":"product_cat-novela","7":"autor-lewis-carroll","9":"first","10":"instock","11":"shipping-taxable","12":"purchasable","13":"product-type-simple"},"acf":[],"_links":{"self":[{"href":"https:\/\/new.comcosur.com\/index.php?rest_route=\/wp\/v2\/product\/187","targetHints":{"allow":["GET"]}}],"collection":[{"href":"https:\/\/new.comcosur.com\/index.php?rest_route=\/wp\/v2\/product"}],"about":[{"href":"https:\/\/new.comcosur.com\/index.php?rest_route=\/wp\/v2\/types\/product"}],"replies":[{"embeddable":true,"href":"https:\/\/new.comcosur.com\/index.php?rest_route=%2Fwp%2Fv2%2Fcomments&post=187"}],"wp:featuredmedia":[{"embeddable":true,"href":"https:\/\/new.comcosur.com\/index.php?rest_route=\/wp\/v2\/media\/1689"}],"wp:attachment":[{"href":"https:\/\/new.comcosur.com\/index.php?rest_route=%2Fwp%2Fv2%2Fmedia&parent=187"}],"wp:term":[{"taxonomy":"product_brand","embeddable":true,"href":"https:\/\/new.comcosur.com\/index.php?rest_route=%2Fwp%2Fv2%2Fproduct_brand&post=187"},{"taxonomy":"product_cat","embeddable":true,"href":"https:\/\/new.comcosur.com\/index.php?rest_route=%2Fwp%2Fv2%2Fproduct_cat&post=187"},{"taxonomy":"product_tag","embeddable":true,"href":"https:\/\/new.comcosur.com\/index.php?rest_route=%2Fwp%2Fv2%2Fproduct_tag&post=187"},{"taxonomy":"autor","embeddable":true,"href":"https:\/\/new.comcosur.com\/index.php?rest_route=%2Fwp%2Fv2%2Fautor&post=187"}],"curies":[{"name":"wp","href":"https:\/\/api.w.org\/{rel}","templated":true}]}}