{"id":185,"date":"2022-05-15T21:54:26","date_gmt":"2022-05-16T02:54:26","guid":{"rendered":"https:\/\/new.comcosur.com\/?post_type=product&#038;p=185"},"modified":"2025-01-15T11:37:29","modified_gmt":"2025-01-15T16:37:29","slug":"antologia-del-terror","status":"publish","type":"product","link":"https:\/\/new.comcosur.com\/?product=antologia-del-terror","title":{"rendered":"Antolog\u00eda de Terror"},"content":{"rendered":"","protected":false},"excerpt":{"rendered":"<p>\u2b50\u2b50\u2b50\u2b50\u2b50<\/p>\n<p>La m\u00e1s antigua y potente emoci\u00f3n del ser humano es el miedo, y el m\u00e1s antiguo y fuerte tipo de p\u00e1nico es el temor a lo desconocido. El horror ha formado parte de las historias orales y escritas de la humanidad desde los albores de los tiempos. Las historias concebidas para elucidar los misteriosos mundos de los sue\u00f1os, explicar lo sobrenatural y aliviar el miedo humano al dolor y la muerte tienen un lugar destacado en la literatura.<\/p>\n<p>Al presentar esta <em>Antolog\u00eda de terror<\/em>, hemos seleccionado varios relatos de los m\u00e1s representativos de su \u201cCiclo de Arkham\u201d, el apelativo con el que el mismo autor se refiri\u00f3 a esas historias ambientadas en los alrededores de la ciudad ficticia de Arkham, Massachusetts, y que son centrales para la mitolog\u00eda que \u00e9l cre\u00f3.<\/p>\n","protected":false},"featured_media":667,"comment_status":"closed","ping_status":"closed","template":"","meta":{"_acf_changed":false},"product_brand":[],"product_cat":[100],"product_tag":[],"autor":[29],"class_list":{"0":"post-185","1":"product","2":"type-product","3":"status-publish","4":"has-post-thumbnail","6":"product_cat-horror","7":"autor-howard-phillips-lovecraft","9":"first","10":"instock","11":"shipping-taxable","12":"purchasable","13":"product-type-simple"},"acf":[],"_links":{"self":[{"href":"https:\/\/new.comcosur.com\/index.php?rest_route=\/wp\/v2\/product\/185","targetHints":{"allow":["GET"]}}],"collection":[{"href":"https:\/\/new.comcosur.com\/index.php?rest_route=\/wp\/v2\/product"}],"about":[{"href":"https:\/\/new.comcosur.com\/index.php?rest_route=\/wp\/v2\/types\/product"}],"replies":[{"embeddable":true,"href":"https:\/\/new.comcosur.com\/index.php?rest_route=%2Fwp%2Fv2%2Fcomments&post=185"}],"wp:featuredmedia":[{"embeddable":true,"href":"https:\/\/new.comcosur.com\/index.php?rest_route=\/wp\/v2\/media\/667"}],"wp:attachment":[{"href":"https:\/\/new.comcosur.com\/index.php?rest_route=%2Fwp%2Fv2%2Fmedia&parent=185"}],"wp:term":[{"taxonomy":"product_brand","embeddable":true,"href":"https:\/\/new.comcosur.com\/index.php?rest_route=%2Fwp%2Fv2%2Fproduct_brand&post=185"},{"taxonomy":"product_cat","embeddable":true,"href":"https:\/\/new.comcosur.com\/index.php?rest_route=%2Fwp%2Fv2%2Fproduct_cat&post=185"},{"taxonomy":"product_tag","embeddable":true,"href":"https:\/\/new.comcosur.com\/index.php?rest_route=%2Fwp%2Fv2%2Fproduct_tag&post=185"},{"taxonomy":"autor","embeddable":true,"href":"https:\/\/new.comcosur.com\/index.php?rest_route=%2Fwp%2Fv2%2Fautor&post=185"}],"curies":[{"name":"wp","href":"https:\/\/api.w.org\/{rel}","templated":true}]}}