{"id":1844,"date":"2024-06-25T10:48:48","date_gmt":"2024-06-25T15:48:48","guid":{"rendered":"https:\/\/new.comcosur.com\/?post_type=product&#038;p=1844"},"modified":"2025-01-16T11:31:59","modified_gmt":"2025-01-16T16:31:59","slug":"sueno-de-una-noche-de-verano","status":"publish","type":"product","link":"https:\/\/new.comcosur.com\/?product=sueno-de-una-noche-de-verano","title":{"rendered":"Sue\u00f1o de una noche de verano"},"content":{"rendered":"","protected":false},"excerpt":{"rendered":"<p>\u2b50\u2b50\u2b50\u2b50\u2b50<br \/>\nWilliam Shakespeare es, sin duda, el mejor escritor en lengua inglesa y, junto con Miguel de Cervantes, uno de los m\u00e1s grandes de la literatura universal. Es considerado el autor dram\u00e1tico m\u00e1s importante del mundo; su cosmovisi\u00f3n impregna numerosas obras teatrales, narrativas y po\u00e9ticas. El legado de Shakespeare es tan rico y diverso como su obra, generando innumerables adaptaciones para teatro, cine, televisi\u00f3n y \u00f3pera, con una marcada presencia de sus creaciones en todos los escenarios.<\/p>\n","protected":false},"featured_media":1845,"comment_status":"closed","ping_status":"closed","template":"","meta":{"_acf_changed":false},"product_brand":[],"product_cat":[103,15,126,122,104],"product_tag":[],"autor":[51],"class_list":{"0":"post-1844","1":"product","2":"type-product","3":"status-publish","4":"has-post-thumbnail","6":"product_cat-ficcion-de-aventuras","7":"product_cat-literatura","8":"product_cat-literatura-juvenil","9":"product_cat-literatura-mistica","10":"product_cat-novela","11":"autor-william-shakespeare","13":"first","14":"instock","15":"shipping-taxable","16":"purchasable","17":"product-type-simple"},"acf":[],"_links":{"self":[{"href":"https:\/\/new.comcosur.com\/index.php?rest_route=\/wp\/v2\/product\/1844","targetHints":{"allow":["GET"]}}],"collection":[{"href":"https:\/\/new.comcosur.com\/index.php?rest_route=\/wp\/v2\/product"}],"about":[{"href":"https:\/\/new.comcosur.com\/index.php?rest_route=\/wp\/v2\/types\/product"}],"replies":[{"embeddable":true,"href":"https:\/\/new.comcosur.com\/index.php?rest_route=%2Fwp%2Fv2%2Fcomments&post=1844"}],"wp:featuredmedia":[{"embeddable":true,"href":"https:\/\/new.comcosur.com\/index.php?rest_route=\/wp\/v2\/media\/1845"}],"wp:attachment":[{"href":"https:\/\/new.comcosur.com\/index.php?rest_route=%2Fwp%2Fv2%2Fmedia&parent=1844"}],"wp:term":[{"taxonomy":"product_brand","embeddable":true,"href":"https:\/\/new.comcosur.com\/index.php?rest_route=%2Fwp%2Fv2%2Fproduct_brand&post=1844"},{"taxonomy":"product_cat","embeddable":true,"href":"https:\/\/new.comcosur.com\/index.php?rest_route=%2Fwp%2Fv2%2Fproduct_cat&post=1844"},{"taxonomy":"product_tag","embeddable":true,"href":"https:\/\/new.comcosur.com\/index.php?rest_route=%2Fwp%2Fv2%2Fproduct_tag&post=1844"},{"taxonomy":"autor","embeddable":true,"href":"https:\/\/new.comcosur.com\/index.php?rest_route=%2Fwp%2Fv2%2Fautor&post=1844"}],"curies":[{"name":"wp","href":"https:\/\/api.w.org\/{rel}","templated":true}]}}