{"id":1841,"date":"2024-06-25T10:31:32","date_gmt":"2024-06-25T15:31:32","guid":{"rendered":"https:\/\/new.comcosur.com\/?post_type=product&#038;p=1841"},"modified":"2025-01-15T16:47:26","modified_gmt":"2025-01-15T21:47:26","slug":"las-aventuras-de-huckleberry-finn","status":"publish","type":"product","link":"https:\/\/new.comcosur.com\/?product=las-aventuras-de-huckleberry-finn","title":{"rendered":"Las aventuras de Huckleberry Finn"},"content":{"rendered":"","protected":false},"excerpt":{"rendered":"<p>\u2b50\u2b50\u2b50\u2b50\u2b50<\/p>\n<p>A lo largo del siglo XX, <em>Las aventuras de Huckleberry Finn<\/em> se han hecho famosas no s\u00f3lo como uno de los mayores logros literarios de Mark Twain, sino tambi\u00e9n como una obra muy controvertida y significativa debido a su profunda exploraci\u00f3n de cuestiones relacionadas con el racismo y la moralidad, cuestiones que contin\u00faan generando controversia y debate hasta el d\u00eda de hoy, evidenciando la continua relevancia de estos conceptos. Huckleberry Finn es el personaje principal y, a trav\u00e9s de sus ojos, el lector ve un lugar y una \u00e9poca en que la esclavitud est\u00e1 permitida. El compa\u00f1ero de Huck, Jim, un esclavo fugitivo, le brinda amistad y protecci\u00f3n mientras los dos viajan a lo largo del Mississippi, r\u00edo abajo, en busca de la libertad y, en su viaje, encontrar\u00e1n numerosas y arriesgadas aventuras.<\/p>\n","protected":false},"featured_media":1842,"comment_status":"closed","ping_status":"closed","template":"","meta":{"_acf_changed":false},"product_brand":[],"product_cat":[103,114,116],"product_tag":[],"autor":[44],"class_list":{"0":"post-1841","1":"product","2":"type-product","3":"status-publish","4":"has-post-thumbnail","6":"product_cat-ficcion-de-aventuras","7":"product_cat-literatura-infantil","8":"product_cat-satira","9":"autor-mark-twain","11":"first","12":"instock","13":"shipping-taxable","14":"purchasable","15":"product-type-simple"},"acf":[],"_links":{"self":[{"href":"https:\/\/new.comcosur.com\/index.php?rest_route=\/wp\/v2\/product\/1841","targetHints":{"allow":["GET"]}}],"collection":[{"href":"https:\/\/new.comcosur.com\/index.php?rest_route=\/wp\/v2\/product"}],"about":[{"href":"https:\/\/new.comcosur.com\/index.php?rest_route=\/wp\/v2\/types\/product"}],"replies":[{"embeddable":true,"href":"https:\/\/new.comcosur.com\/index.php?rest_route=%2Fwp%2Fv2%2Fcomments&post=1841"}],"wp:featuredmedia":[{"embeddable":true,"href":"https:\/\/new.comcosur.com\/index.php?rest_route=\/wp\/v2\/media\/1842"}],"wp:attachment":[{"href":"https:\/\/new.comcosur.com\/index.php?rest_route=%2Fwp%2Fv2%2Fmedia&parent=1841"}],"wp:term":[{"taxonomy":"product_brand","embeddable":true,"href":"https:\/\/new.comcosur.com\/index.php?rest_route=%2Fwp%2Fv2%2Fproduct_brand&post=1841"},{"taxonomy":"product_cat","embeddable":true,"href":"https:\/\/new.comcosur.com\/index.php?rest_route=%2Fwp%2Fv2%2Fproduct_cat&post=1841"},{"taxonomy":"product_tag","embeddable":true,"href":"https:\/\/new.comcosur.com\/index.php?rest_route=%2Fwp%2Fv2%2Fproduct_tag&post=1841"},{"taxonomy":"autor","embeddable":true,"href":"https:\/\/new.comcosur.com\/index.php?rest_route=%2Fwp%2Fv2%2Fautor&post=1841"}],"curies":[{"name":"wp","href":"https:\/\/api.w.org\/{rel}","templated":true}]}}