{"id":1840,"date":"2024-06-25T10:20:29","date_gmt":"2024-06-25T15:20:29","guid":{"rendered":"https:\/\/new.comcosur.com\/?post_type=product&#038;p=1840"},"modified":"2025-01-15T16:39:52","modified_gmt":"2025-01-15T21:39:52","slug":"la-senora-dalloway","status":"publish","type":"product","link":"https:\/\/new.comcosur.com\/?product=la-senora-dalloway","title":{"rendered":"La se\u00f1ora Dalloway"},"content":{"rendered":"","protected":false},"excerpt":{"rendered":"<p>\u2b50\u2b50\u2b50\u2b50\u2b50<\/p>\n<p>Virginia Woolf es una de las autoras m\u00e1s relevantes de la literatura del siglo XX y revolucion\u00f3 el arte narrativo de su \u00e9poca. La fecundidad creadora de sus escritos le permite encabezar la producci\u00f3n literaria del siglo pasado. <em>La se\u00f1ora Dalloway<\/em> es una de las novelas m\u00e1s famosas de Virginia Woolf y presenta un v\u00edvido retrato de un solo d\u00eda en la vida de una mujer de alta cuna de Londres, Clarissa Dalloway. Ella es una virtuosa esposa, un poco fr\u00edvola y banal, sensible pero bastante inteligente. Esta obra ahonda en la complejidad de las mentes de los personajes, explorando sus emociones y percepciones, as\u00ed como por su estilo literario innovador, de prosa \u00e1gil y sutil.<\/p>\n","protected":false},"featured_media":1843,"comment_status":"closed","ping_status":"closed","template":"","meta":{"_acf_changed":false},"product_brand":[],"product_cat":[15,110,126,125],"product_tag":[],"autor":[163],"class_list":{"0":"post-1840","1":"product","2":"type-product","3":"status-publish","4":"has-post-thumbnail","6":"product_cat-literatura","7":"product_cat-drama","8":"product_cat-literatura-juvenil","9":"product_cat-novela-realista","10":"autor-virginia-woolf","12":"first","13":"instock","14":"shipping-taxable","15":"purchasable","16":"product-type-simple"},"acf":[],"_links":{"self":[{"href":"https:\/\/new.comcosur.com\/index.php?rest_route=\/wp\/v2\/product\/1840","targetHints":{"allow":["GET"]}}],"collection":[{"href":"https:\/\/new.comcosur.com\/index.php?rest_route=\/wp\/v2\/product"}],"about":[{"href":"https:\/\/new.comcosur.com\/index.php?rest_route=\/wp\/v2\/types\/product"}],"replies":[{"embeddable":true,"href":"https:\/\/new.comcosur.com\/index.php?rest_route=%2Fwp%2Fv2%2Fcomments&post=1840"}],"wp:featuredmedia":[{"embeddable":true,"href":"https:\/\/new.comcosur.com\/index.php?rest_route=\/wp\/v2\/media\/1843"}],"wp:attachment":[{"href":"https:\/\/new.comcosur.com\/index.php?rest_route=%2Fwp%2Fv2%2Fmedia&parent=1840"}],"wp:term":[{"taxonomy":"product_brand","embeddable":true,"href":"https:\/\/new.comcosur.com\/index.php?rest_route=%2Fwp%2Fv2%2Fproduct_brand&post=1840"},{"taxonomy":"product_cat","embeddable":true,"href":"https:\/\/new.comcosur.com\/index.php?rest_route=%2Fwp%2Fv2%2Fproduct_cat&post=1840"},{"taxonomy":"product_tag","embeddable":true,"href":"https:\/\/new.comcosur.com\/index.php?rest_route=%2Fwp%2Fv2%2Fproduct_tag&post=1840"},{"taxonomy":"autor","embeddable":true,"href":"https:\/\/new.comcosur.com\/index.php?rest_route=%2Fwp%2Fv2%2Fautor&post=1840"}],"curies":[{"name":"wp","href":"https:\/\/api.w.org\/{rel}","templated":true}]}}