{"id":184,"date":"2022-05-15T21:54:26","date_gmt":"2022-05-16T02:54:26","guid":{"rendered":"https:\/\/new.comcosur.com\/?post_type=product&#038;p=184"},"modified":"2025-01-15T12:59:17","modified_gmt":"2025-01-15T17:59:17","slug":"el-fantasma-de-la-opera","status":"publish","type":"product","link":"https:\/\/new.comcosur.com\/?product=el-fantasma-de-la-opera","title":{"rendered":"El Fantasma de la \u00d3pera"},"content":{"rendered":"","protected":false},"excerpt":{"rendered":"<div class=\"flex max-w-full flex-col flex-grow\">\n<div class=\"min-h-8 text-message flex w-full flex-col items-end gap-2 whitespace-normal break-words text-start [.text-message+&amp;]:mt-5\" dir=\"auto\" data-message-author-role=\"assistant\" data-message-id=\"baee7e13-fa82-4c59-be0c-b7ca2ad9c5d1\" data-message-model-slug=\"gpt-4o-mini\">\n<div class=\"flex w-full flex-col gap-1 empty:hidden first:pt-[3px]\">\n<div class=\"markdown prose w-full break-words dark:prose-invert light\">\n<p>Monstruo de feria desde su nacimiento, aborrecido por sus padres, el \u00abfantasma\u00bb ha sido condenado desde el principio\u2026 Y desde su nacimiento legendario y su pasado como inventor de trampas y mazmorras m\u00e1s all\u00e1 de los confines del mundo civilizado, hasta su vida diaria en los infiernos de la \u00d3pera, este \u00abser de las tinieblas\u00bb \u2014hermano de los desheredados de Victor Hugo o de los personajes errantes de Sue\u2014 tiene de su parte la compasi\u00f3n del novelista y del lector.<\/p>\n<\/div>\n<\/div>\n<\/div>\n<\/div>\n","protected":false},"featured_media":430,"comment_status":"closed","ping_status":"closed","template":"","meta":{"_acf_changed":false},"product_brand":[],"product_cat":[110,101,104],"product_tag":[],"autor":[76],"class_list":{"0":"post-184","1":"product","2":"type-product","3":"status-publish","4":"has-post-thumbnail","6":"product_cat-drama","7":"product_cat-misterio","8":"product_cat-novela","9":"autor-gaston-leroux","11":"first","12":"instock","13":"shipping-taxable","14":"purchasable","15":"product-type-simple"},"acf":[],"_links":{"self":[{"href":"https:\/\/new.comcosur.com\/index.php?rest_route=\/wp\/v2\/product\/184","targetHints":{"allow":["GET"]}}],"collection":[{"href":"https:\/\/new.comcosur.com\/index.php?rest_route=\/wp\/v2\/product"}],"about":[{"href":"https:\/\/new.comcosur.com\/index.php?rest_route=\/wp\/v2\/types\/product"}],"replies":[{"embeddable":true,"href":"https:\/\/new.comcosur.com\/index.php?rest_route=%2Fwp%2Fv2%2Fcomments&post=184"}],"wp:featuredmedia":[{"embeddable":true,"href":"https:\/\/new.comcosur.com\/index.php?rest_route=\/wp\/v2\/media\/430"}],"wp:attachment":[{"href":"https:\/\/new.comcosur.com\/index.php?rest_route=%2Fwp%2Fv2%2Fmedia&parent=184"}],"wp:term":[{"taxonomy":"product_brand","embeddable":true,"href":"https:\/\/new.comcosur.com\/index.php?rest_route=%2Fwp%2Fv2%2Fproduct_brand&post=184"},{"taxonomy":"product_cat","embeddable":true,"href":"https:\/\/new.comcosur.com\/index.php?rest_route=%2Fwp%2Fv2%2Fproduct_cat&post=184"},{"taxonomy":"product_tag","embeddable":true,"href":"https:\/\/new.comcosur.com\/index.php?rest_route=%2Fwp%2Fv2%2Fproduct_tag&post=184"},{"taxonomy":"autor","embeddable":true,"href":"https:\/\/new.comcosur.com\/index.php?rest_route=%2Fwp%2Fv2%2Fautor&post=184"}],"curies":[{"name":"wp","href":"https:\/\/api.w.org\/{rel}","templated":true}]}}