{"id":1838,"date":"2024-06-25T09:44:25","date_gmt":"2024-06-25T14:44:25","guid":{"rendered":"https:\/\/new.comcosur.com\/?post_type=product&#038;p=1838"},"modified":"2025-01-15T15:40:28","modified_gmt":"2025-01-15T20:40:28","slug":"la-caida-de-la-casa-usher","status":"publish","type":"product","link":"https:\/\/new.comcosur.com\/?product=la-caida-de-la-casa-usher","title":{"rendered":"La ca\u00edda de la casa Usher"},"content":{"rendered":"","protected":false},"excerpt":{"rendered":"<p>\u2b50\u2b50\u2b50\u2b50\u2b50<\/p>\n<p><em>La ca\u00edda de la casa Usher<\/em> es una de las m\u00e1s m\u00edticas historias g\u00f3ticas de Poe y es considerado uno de los relatos m\u00e1s importantes de toda su producci\u00f3n literaria. Es tambi\u00e9n una de las historias de terror preferidas por la cr\u00edtica, y la que el propio autor consideraba de las m\u00e1s logradas que hab\u00eda escrito.<\/p>\n<p>Esta edici\u00f3n ofrece a los lectores la recopilaci\u00f3n de algunos de los m\u00e1s significativos y alucinantes cuentos de terror de Edgar Allan Poe. En estos relatos, Poe desarrolla con maestr\u00eda sus tem\u00e1ticas predilectas: el misterio, lo sobrenatural, la locura y la muerte que impactar\u00e1n al lector por su identificaci\u00f3n con los personajes. Su estilo narrativo, de car\u00e1cter po\u00e9tico, fluye de manera intensa y precisa a trav\u00e9s de una estructura impecable y veros\u00edmil.<\/p>\n","protected":false},"featured_media":1839,"comment_status":"closed","ping_status":"closed","template":"","meta":{"_acf_changed":false},"product_brand":[],"product_cat":[15,126,146],"product_tag":[],"autor":[66],"class_list":{"0":"post-1838","1":"product","2":"type-product","3":"status-publish","4":"has-post-thumbnail","6":"product_cat-literatura","7":"product_cat-literatura-juvenil","8":"product_cat-terror","9":"autor-edgar-allan-poe","11":"first","12":"instock","13":"shipping-taxable","14":"purchasable","15":"product-type-simple"},"acf":[],"_links":{"self":[{"href":"https:\/\/new.comcosur.com\/index.php?rest_route=\/wp\/v2\/product\/1838","targetHints":{"allow":["GET"]}}],"collection":[{"href":"https:\/\/new.comcosur.com\/index.php?rest_route=\/wp\/v2\/product"}],"about":[{"href":"https:\/\/new.comcosur.com\/index.php?rest_route=\/wp\/v2\/types\/product"}],"replies":[{"embeddable":true,"href":"https:\/\/new.comcosur.com\/index.php?rest_route=%2Fwp%2Fv2%2Fcomments&post=1838"}],"wp:featuredmedia":[{"embeddable":true,"href":"https:\/\/new.comcosur.com\/index.php?rest_route=\/wp\/v2\/media\/1839"}],"wp:attachment":[{"href":"https:\/\/new.comcosur.com\/index.php?rest_route=%2Fwp%2Fv2%2Fmedia&parent=1838"}],"wp:term":[{"taxonomy":"product_brand","embeddable":true,"href":"https:\/\/new.comcosur.com\/index.php?rest_route=%2Fwp%2Fv2%2Fproduct_brand&post=1838"},{"taxonomy":"product_cat","embeddable":true,"href":"https:\/\/new.comcosur.com\/index.php?rest_route=%2Fwp%2Fv2%2Fproduct_cat&post=1838"},{"taxonomy":"product_tag","embeddable":true,"href":"https:\/\/new.comcosur.com\/index.php?rest_route=%2Fwp%2Fv2%2Fproduct_tag&post=1838"},{"taxonomy":"autor","embeddable":true,"href":"https:\/\/new.comcosur.com\/index.php?rest_route=%2Fwp%2Fv2%2Fautor&post=1838"}],"curies":[{"name":"wp","href":"https:\/\/api.w.org\/{rel}","templated":true}]}}