{"id":1834,"date":"2024-06-25T09:12:57","date_gmt":"2024-06-25T14:12:57","guid":{"rendered":"https:\/\/new.comcosur.com\/?post_type=product&#038;p=1834"},"modified":"2025-01-15T11:15:33","modified_gmt":"2025-01-15T16:15:33","slug":"al-faro","status":"publish","type":"product","link":"https:\/\/new.comcosur.com\/?product=al-faro","title":{"rendered":"Al faro"},"content":{"rendered":"","protected":false},"excerpt":{"rendered":"<p>\u2b50\u2b50\u2b50\u2b50\u2b50<\/p>\n<div class=\"flex max-w-full flex-col flex-grow\">\n<div class=\"min-h-8 text-message flex w-full flex-col items-end gap-2 whitespace-normal break-words text-start [.text-message+&amp;]:mt-5\" dir=\"auto\" data-message-author-role=\"assistant\" data-message-id=\"10c7962d-b4e4-4331-b74a-4a75a6bc4200\" data-message-model-slug=\"gpt-4o\">\n<div class=\"flex w-full flex-col gap-1 empty:hidden first:pt-[3px]\">\n<div class=\"markdown prose w-full break-words dark:prose-invert light\">\n<p>Virginia Woolf es una de las m\u00e1s destacadas escritoras de habla inglesa, adem\u00e1s de ser una figura clave del modernismo anglosaj\u00f3n del siglo XX y una de las precursoras del feminismo. Era una mujer atormentada, con una exquisita est\u00e9tica y dotada de un genio narrativo excepcional. Sus novelas transportan a los lectores a situaciones m\u00edsticas, casi como a una especie de trance sensorial entre el escritor y el texto.<\/p>\n<p>Woolf marc\u00f3 de manera \u00fanica la narrativa moderna, con un profundo culto por el lenguaje, los recuerdos, las emociones y las palabras. En sus obras destaca la maestr\u00eda para introducir un estilo nuevo y original. <em>Al faro<\/em> representa un hito del modernismo, con una notable comprensi\u00f3n de la psicolog\u00eda humana, influida por una \u00e9poca de profundos cambios cient\u00edficos y filos\u00f3ficos, como la teor\u00eda de la evoluci\u00f3n de Charles Darwin y las teor\u00edas del inconsciente de Sigmund Freud.<\/p>\n<p>Virginia Woolf consider\u00f3 <em>Al faro<\/em> su mejor libro, una afirmaci\u00f3n respaldada tanto por la cr\u00edtica como por los lectores de todo el mundo. La obra super\u00f3 en ventas y popularidad a otras grandes novelas suyas, como <em>La se\u00f1ora Dalloway<\/em>, entre otras.<\/p>\n<\/div>\n<\/div>\n<\/div>\n<\/div>\n","protected":false},"featured_media":1836,"comment_status":"closed","ping_status":"closed","template":"","meta":{"_acf_changed":false},"product_brand":[],"product_cat":[15,110,126,125],"product_tag":[],"autor":[163],"class_list":{"0":"post-1834","1":"product","2":"type-product","3":"status-publish","4":"has-post-thumbnail","6":"product_cat-literatura","7":"product_cat-drama","8":"product_cat-literatura-juvenil","9":"product_cat-novela-realista","10":"autor-virginia-woolf","12":"first","13":"instock","14":"shipping-taxable","15":"purchasable","16":"product-type-simple"},"acf":[],"_links":{"self":[{"href":"https:\/\/new.comcosur.com\/index.php?rest_route=\/wp\/v2\/product\/1834","targetHints":{"allow":["GET"]}}],"collection":[{"href":"https:\/\/new.comcosur.com\/index.php?rest_route=\/wp\/v2\/product"}],"about":[{"href":"https:\/\/new.comcosur.com\/index.php?rest_route=\/wp\/v2\/types\/product"}],"replies":[{"embeddable":true,"href":"https:\/\/new.comcosur.com\/index.php?rest_route=%2Fwp%2Fv2%2Fcomments&post=1834"}],"wp:featuredmedia":[{"embeddable":true,"href":"https:\/\/new.comcosur.com\/index.php?rest_route=\/wp\/v2\/media\/1836"}],"wp:attachment":[{"href":"https:\/\/new.comcosur.com\/index.php?rest_route=%2Fwp%2Fv2%2Fmedia&parent=1834"}],"wp:term":[{"taxonomy":"product_brand","embeddable":true,"href":"https:\/\/new.comcosur.com\/index.php?rest_route=%2Fwp%2Fv2%2Fproduct_brand&post=1834"},{"taxonomy":"product_cat","embeddable":true,"href":"https:\/\/new.comcosur.com\/index.php?rest_route=%2Fwp%2Fv2%2Fproduct_cat&post=1834"},{"taxonomy":"product_tag","embeddable":true,"href":"https:\/\/new.comcosur.com\/index.php?rest_route=%2Fwp%2Fv2%2Fproduct_tag&post=1834"},{"taxonomy":"autor","embeddable":true,"href":"https:\/\/new.comcosur.com\/index.php?rest_route=%2Fwp%2Fv2%2Fautor&post=1834"}],"curies":[{"name":"wp","href":"https:\/\/api.w.org\/{rel}","templated":true}]}}