{"id":183,"date":"2022-05-15T21:54:26","date_gmt":"2022-05-16T02:54:26","guid":{"rendered":"https:\/\/new.comcosur.com\/?post_type=product&#038;p=183"},"modified":"2025-01-16T11:38:06","modified_gmt":"2025-01-16T16:38:06","slug":"veinte-mil-leguas-de-viaje-submarino","status":"publish","type":"product","link":"https:\/\/new.comcosur.com\/?product=veinte-mil-leguas-de-viaje-submarino","title":{"rendered":"Veinte mil Leguas de viaje Submarino"},"content":{"rendered":"","protected":false},"excerpt":{"rendered":"<p><em>Veinte mil leguas de viaje submarino<\/em> es una obra narrada en primera persona por el profesor franc\u00e9s Pierre Aronnax, un notable bi\u00f3logo que es hecho prisionero por el capit\u00e1n Nemo y conducido por los oc\u00e9anos a bordo del submarino <em>Nautilus<\/em>, en compa\u00f1\u00eda de su criado Conseil y el arp\u00f3n canadiense Ned Land.<\/p>\n","protected":false},"featured_media":521,"comment_status":"closed","ping_status":"closed","template":"","meta":{"_acf_changed":false},"product_brand":[],"product_cat":[103,134],"product_tag":[],"autor":[21],"class_list":{"0":"post-183","1":"product","2":"type-product","3":"status-publish","4":"has-post-thumbnail","6":"product_cat-ficcion-de-aventuras","7":"product_cat-narracion","8":"autor-julio-verne","10":"first","11":"instock","12":"shipping-taxable","13":"purchasable","14":"product-type-simple"},"acf":[],"_links":{"self":[{"href":"https:\/\/new.comcosur.com\/index.php?rest_route=\/wp\/v2\/product\/183","targetHints":{"allow":["GET"]}}],"collection":[{"href":"https:\/\/new.comcosur.com\/index.php?rest_route=\/wp\/v2\/product"}],"about":[{"href":"https:\/\/new.comcosur.com\/index.php?rest_route=\/wp\/v2\/types\/product"}],"replies":[{"embeddable":true,"href":"https:\/\/new.comcosur.com\/index.php?rest_route=%2Fwp%2Fv2%2Fcomments&post=183"}],"wp:featuredmedia":[{"embeddable":true,"href":"https:\/\/new.comcosur.com\/index.php?rest_route=\/wp\/v2\/media\/521"}],"wp:attachment":[{"href":"https:\/\/new.comcosur.com\/index.php?rest_route=%2Fwp%2Fv2%2Fmedia&parent=183"}],"wp:term":[{"taxonomy":"product_brand","embeddable":true,"href":"https:\/\/new.comcosur.com\/index.php?rest_route=%2Fwp%2Fv2%2Fproduct_brand&post=183"},{"taxonomy":"product_cat","embeddable":true,"href":"https:\/\/new.comcosur.com\/index.php?rest_route=%2Fwp%2Fv2%2Fproduct_cat&post=183"},{"taxonomy":"product_tag","embeddable":true,"href":"https:\/\/new.comcosur.com\/index.php?rest_route=%2Fwp%2Fv2%2Fproduct_tag&post=183"},{"taxonomy":"autor","embeddable":true,"href":"https:\/\/new.comcosur.com\/index.php?rest_route=%2Fwp%2Fv2%2Fautor&post=183"}],"curies":[{"name":"wp","href":"https:\/\/api.w.org\/{rel}","templated":true}]}}