{"id":182,"date":"2022-05-15T21:54:26","date_gmt":"2022-05-16T02:54:26","guid":{"rendered":"https:\/\/new.comcosur.com\/?post_type=product&#038;p=182"},"modified":"2025-01-16T10:40:18","modified_gmt":"2025-01-16T15:40:18","slug":"nuestra-senora-de-paris","status":"publish","type":"product","link":"https:\/\/new.comcosur.com\/?product=nuestra-senora-de-paris","title":{"rendered":"Nuestra Se\u00f1ora de Par\u00eds"},"content":{"rendered":"","protected":false},"excerpt":{"rendered":"<p><em>Nuestra Se\u00f1ora de Par\u00eds<\/em> (<em>Notre-Dame de Paris<\/em>, en franc\u00e9s) es una novela de Victor Hugo, publicada en 1831 y compuesta por once libros. La historia se centra en la desdichada vida de Esmeralda \u2014una gitana\u2014, Quasimodo \u2014un jorobado sordo\u2014 y Claude Frollo \u2014un archidi\u00e1cono\u2014 en el Par\u00eds del siglo XV. Todos sus elementos \u2014ambientaci\u00f3n renacentista, amores imposibles y personajes marginados\u2014 convierten la obra en un modelo de los temas literarios del Romanticismo.<\/p>\n<p>&nbsp;<\/p>\n","protected":false},"featured_media":502,"comment_status":"closed","ping_status":"closed","template":"","meta":{"_acf_changed":false},"product_brand":[],"product_cat":[104],"product_tag":[],"autor":[61],"class_list":{"0":"post-182","1":"product","2":"type-product","3":"status-publish","4":"has-post-thumbnail","6":"product_cat-novela","7":"autor-victor-hugo","9":"first","10":"instock","11":"shipping-taxable","12":"purchasable","13":"product-type-simple"},"acf":[],"_links":{"self":[{"href":"https:\/\/new.comcosur.com\/index.php?rest_route=\/wp\/v2\/product\/182","targetHints":{"allow":["GET"]}}],"collection":[{"href":"https:\/\/new.comcosur.com\/index.php?rest_route=\/wp\/v2\/product"}],"about":[{"href":"https:\/\/new.comcosur.com\/index.php?rest_route=\/wp\/v2\/types\/product"}],"replies":[{"embeddable":true,"href":"https:\/\/new.comcosur.com\/index.php?rest_route=%2Fwp%2Fv2%2Fcomments&post=182"}],"wp:featuredmedia":[{"embeddable":true,"href":"https:\/\/new.comcosur.com\/index.php?rest_route=\/wp\/v2\/media\/502"}],"wp:attachment":[{"href":"https:\/\/new.comcosur.com\/index.php?rest_route=%2Fwp%2Fv2%2Fmedia&parent=182"}],"wp:term":[{"taxonomy":"product_brand","embeddable":true,"href":"https:\/\/new.comcosur.com\/index.php?rest_route=%2Fwp%2Fv2%2Fproduct_brand&post=182"},{"taxonomy":"product_cat","embeddable":true,"href":"https:\/\/new.comcosur.com\/index.php?rest_route=%2Fwp%2Fv2%2Fproduct_cat&post=182"},{"taxonomy":"product_tag","embeddable":true,"href":"https:\/\/new.comcosur.com\/index.php?rest_route=%2Fwp%2Fv2%2Fproduct_tag&post=182"},{"taxonomy":"autor","embeddable":true,"href":"https:\/\/new.comcosur.com\/index.php?rest_route=%2Fwp%2Fv2%2Fautor&post=182"}],"curies":[{"name":"wp","href":"https:\/\/api.w.org\/{rel}","templated":true}]}}