{"id":1767,"date":"2023-12-26T08:54:27","date_gmt":"2023-12-26T13:54:27","guid":{"rendered":"https:\/\/new.comcosur.com\/?post_type=product&#038;p=1767"},"modified":"2025-01-15T16:55:09","modified_gmt":"2025-01-15T21:55:09","slug":"los-mejores-relatos-de-edgar-allan-poe","status":"publish","type":"product","link":"https:\/\/new.comcosur.com\/?product=los-mejores-relatos-de-edgar-allan-poe","title":{"rendered":"Los mejores relatos de Edgar Allan Poe"},"content":{"rendered":"","protected":false},"excerpt":{"rendered":"<p>\u2b50\u2b50\u2b50\u2b50\u2b50<\/p>\n<p>Edgar Allan Poe es considerado el maestro universal del terror. Este libro contiene sus relatos y poemas m\u00e1s famosos. Las historias que componen esta obra son verdaderas joyas de la literatura, por la riqueza de su estilo narrativo, la tem\u00e1tica del misterio, lo sobrenatural y la muerte.<\/p>\n<p>Edgar Allan Poe es un autor de culto. Sus historias son inmortales y est\u00e1n dotadas de un estilo literario elegante, de exquisita narraci\u00f3n rom\u00e1ntica; exalta los sentidos y estimula la imaginaci\u00f3n, caracter\u00edstica muy propia de sus cuentos. <em>Los mejores relatos de Edgar Allan Poe<\/em> es una antolog\u00eda pensada para emocionar y deleitar a los amantes del terror. Es un libro ideal para coleccionistas, con impactantes ilustraciones y las mejores narraciones del autor, que hacen de este libro un ejemplar \u00fanico.<\/p>\n","protected":false},"featured_media":1769,"comment_status":"closed","ping_status":"closed","template":"","meta":{"_acf_changed":false},"product_brand":[],"product_cat":[15,99,100,126,101,134,115,146],"product_tag":[],"autor":[66],"class_list":{"0":"post-1767","1":"product","2":"type-product","3":"status-publish","4":"has-post-thumbnail","6":"product_cat-literatura","7":"product_cat-ficcion-gotica","8":"product_cat-horror","9":"product_cat-literatura-juvenil","10":"product_cat-misterio","11":"product_cat-narracion","12":"product_cat-poesia","13":"product_cat-terror","14":"autor-edgar-allan-poe","16":"first","17":"instock","18":"shipping-taxable","19":"purchasable","20":"product-type-simple"},"acf":[],"_links":{"self":[{"href":"https:\/\/new.comcosur.com\/index.php?rest_route=\/wp\/v2\/product\/1767","targetHints":{"allow":["GET"]}}],"collection":[{"href":"https:\/\/new.comcosur.com\/index.php?rest_route=\/wp\/v2\/product"}],"about":[{"href":"https:\/\/new.comcosur.com\/index.php?rest_route=\/wp\/v2\/types\/product"}],"replies":[{"embeddable":true,"href":"https:\/\/new.comcosur.com\/index.php?rest_route=%2Fwp%2Fv2%2Fcomments&post=1767"}],"wp:featuredmedia":[{"embeddable":true,"href":"https:\/\/new.comcosur.com\/index.php?rest_route=\/wp\/v2\/media\/1769"}],"wp:attachment":[{"href":"https:\/\/new.comcosur.com\/index.php?rest_route=%2Fwp%2Fv2%2Fmedia&parent=1767"}],"wp:term":[{"taxonomy":"product_brand","embeddable":true,"href":"https:\/\/new.comcosur.com\/index.php?rest_route=%2Fwp%2Fv2%2Fproduct_brand&post=1767"},{"taxonomy":"product_cat","embeddable":true,"href":"https:\/\/new.comcosur.com\/index.php?rest_route=%2Fwp%2Fv2%2Fproduct_cat&post=1767"},{"taxonomy":"product_tag","embeddable":true,"href":"https:\/\/new.comcosur.com\/index.php?rest_route=%2Fwp%2Fv2%2Fproduct_tag&post=1767"},{"taxonomy":"autor","embeddable":true,"href":"https:\/\/new.comcosur.com\/index.php?rest_route=%2Fwp%2Fv2%2Fautor&post=1767"}],"curies":[{"name":"wp","href":"https:\/\/api.w.org\/{rel}","templated":true}]}}