{"id":176,"date":"2022-05-15T21:54:25","date_gmt":"2022-05-16T02:54:25","guid":{"rendered":"https:\/\/new.comcosur.com\/?post_type=product&#038;p=176"},"modified":"2025-01-16T11:30:57","modified_gmt":"2025-01-16T16:30:57","slug":"siddharta","status":"publish","type":"product","link":"https:\/\/new.comcosur.com\/?product=siddharta","title":{"rendered":"Siddharta"},"content":{"rendered":"","protected":false},"excerpt":{"rendered":"<p>Esta novela, ambientada en la India tradicional, relata la vida de Siddharta, un hombre para quien el camino de la verdad pasa por la renuncia y la comprensi\u00f3n de la unidad que subyace en todo lo existente. En sus p\u00e1ginas, el autor presenta todas las opciones espirituales del ser humano. Hermann Hesse buce\u00f3 en el alma de Oriente para aportar sus aspectos positivos a nuestra sociedad. <em>Siddharta<\/em> es la obra m\u00e1s representativa de este proceso y ha ejercido una gran influencia en la cultura occidental del siglo XX.<\/p>\n","protected":false},"featured_media":516,"comment_status":"closed","ping_status":"closed","template":"","meta":{"_acf_changed":false},"product_brand":[],"product_cat":[111],"product_tag":[],"autor":[31],"class_list":{"0":"post-176","1":"product","2":"type-product","3":"status-publish","4":"has-post-thumbnail","6":"product_cat-novela-filosofica","7":"autor-herman-hesse","9":"first","10":"instock","11":"shipping-taxable","12":"purchasable","13":"product-type-simple"},"acf":[],"_links":{"self":[{"href":"https:\/\/new.comcosur.com\/index.php?rest_route=\/wp\/v2\/product\/176","targetHints":{"allow":["GET"]}}],"collection":[{"href":"https:\/\/new.comcosur.com\/index.php?rest_route=\/wp\/v2\/product"}],"about":[{"href":"https:\/\/new.comcosur.com\/index.php?rest_route=\/wp\/v2\/types\/product"}],"replies":[{"embeddable":true,"href":"https:\/\/new.comcosur.com\/index.php?rest_route=%2Fwp%2Fv2%2Fcomments&post=176"}],"wp:featuredmedia":[{"embeddable":true,"href":"https:\/\/new.comcosur.com\/index.php?rest_route=\/wp\/v2\/media\/516"}],"wp:attachment":[{"href":"https:\/\/new.comcosur.com\/index.php?rest_route=%2Fwp%2Fv2%2Fmedia&parent=176"}],"wp:term":[{"taxonomy":"product_brand","embeddable":true,"href":"https:\/\/new.comcosur.com\/index.php?rest_route=%2Fwp%2Fv2%2Fproduct_brand&post=176"},{"taxonomy":"product_cat","embeddable":true,"href":"https:\/\/new.comcosur.com\/index.php?rest_route=%2Fwp%2Fv2%2Fproduct_cat&post=176"},{"taxonomy":"product_tag","embeddable":true,"href":"https:\/\/new.comcosur.com\/index.php?rest_route=%2Fwp%2Fv2%2Fproduct_tag&post=176"},{"taxonomy":"autor","embeddable":true,"href":"https:\/\/new.comcosur.com\/index.php?rest_route=%2Fwp%2Fv2%2Fautor&post=176"}],"curies":[{"name":"wp","href":"https:\/\/api.w.org\/{rel}","templated":true}]}}