{"id":1754,"date":"2023-12-12T08:46:55","date_gmt":"2023-12-12T13:46:55","guid":{"rendered":"https:\/\/new.comcosur.com\/?post_type=product&#038;p=1754"},"modified":"2025-01-15T12:07:29","modified_gmt":"2025-01-15T17:07:29","slug":"cuentos-de-hadas","status":"publish","type":"product","link":"https:\/\/new.comcosur.com\/?product=cuentos-de-hadas","title":{"rendered":"Cuentos de hadas"},"content":{"rendered":"","protected":false},"excerpt":{"rendered":"<p>\u2b50\u2b50\u2b50\u2b50\u2b50<\/p>\n<p>Hans Christian Andersen es considerado uno de los maestros de los cuentos de hadas. Desde muy ni\u00f1o, su padre cultiv\u00f3 en \u00e9l la imaginaci\u00f3n, cont\u00e1ndole historias fant\u00e1sticas y ense\u00f1\u00e1ndole a crear su propio teatro de t\u00edteres, fabric\u00e1ndole marionetas y fant\u00e1sticos mu\u00f1ecos. En las noches, le le\u00eda <em>Las mil y una noches<\/em>.<\/p>\n<p>Este libro contiene sus mejores relatos. Entre los m\u00e1s famosos destacan <em>La sirenita<\/em>, <em>El soldadito de plomo<\/em>, <em>El sastrecillo valiente<\/em>, <em>La reina de las nieves<\/em>, <em>Pulgarcita<\/em>, <em>El traje nuevo del emperador<\/em>, etc. Estas y muchas de sus historias han sido el deleite de ni\u00f1os y adultos desde \u00e9pocas pasadas hasta hoy en d\u00eda, que leen sus cuentos con agrado e inter\u00e9s, descubriendo en cada relato valores para su vida.<\/p>\n","protected":false},"featured_media":1755,"comment_status":"closed","ping_status":"closed","template":"","meta":{"_acf_changed":false},"product_brand":[],"product_cat":[15,107,114,126,122],"product_tag":[],"autor":[160],"class_list":{"0":"post-1754","1":"product","2":"type-product","3":"status-publish","4":"has-post-thumbnail","6":"product_cat-literatura","7":"product_cat-etica-y-civismo","8":"product_cat-literatura-infantil","9":"product_cat-literatura-juvenil","10":"product_cat-literatura-mistica","11":"autor-hans-christian-andersen","13":"first","14":"instock","15":"shipping-taxable","16":"purchasable","17":"product-type-simple"},"acf":[],"_links":{"self":[{"href":"https:\/\/new.comcosur.com\/index.php?rest_route=\/wp\/v2\/product\/1754","targetHints":{"allow":["GET"]}}],"collection":[{"href":"https:\/\/new.comcosur.com\/index.php?rest_route=\/wp\/v2\/product"}],"about":[{"href":"https:\/\/new.comcosur.com\/index.php?rest_route=\/wp\/v2\/types\/product"}],"replies":[{"embeddable":true,"href":"https:\/\/new.comcosur.com\/index.php?rest_route=%2Fwp%2Fv2%2Fcomments&post=1754"}],"wp:featuredmedia":[{"embeddable":true,"href":"https:\/\/new.comcosur.com\/index.php?rest_route=\/wp\/v2\/media\/1755"}],"wp:attachment":[{"href":"https:\/\/new.comcosur.com\/index.php?rest_route=%2Fwp%2Fv2%2Fmedia&parent=1754"}],"wp:term":[{"taxonomy":"product_brand","embeddable":true,"href":"https:\/\/new.comcosur.com\/index.php?rest_route=%2Fwp%2Fv2%2Fproduct_brand&post=1754"},{"taxonomy":"product_cat","embeddable":true,"href":"https:\/\/new.comcosur.com\/index.php?rest_route=%2Fwp%2Fv2%2Fproduct_cat&post=1754"},{"taxonomy":"product_tag","embeddable":true,"href":"https:\/\/new.comcosur.com\/index.php?rest_route=%2Fwp%2Fv2%2Fproduct_tag&post=1754"},{"taxonomy":"autor","embeddable":true,"href":"https:\/\/new.comcosur.com\/index.php?rest_route=%2Fwp%2Fv2%2Fautor&post=1754"}],"curies":[{"name":"wp","href":"https:\/\/api.w.org\/{rel}","templated":true}]}}