{"id":175,"date":"2022-05-15T21:54:25","date_gmt":"2022-05-16T02:54:25","guid":{"rendered":"https:\/\/new.comcosur.com\/?post_type=product&#038;p=175"},"modified":"2025-01-15T13:13:35","modified_gmt":"2025-01-15T18:13:35","slug":"el-libro-de-la-selva","status":"publish","type":"product","link":"https:\/\/new.comcosur.com\/?product=el-libro-de-la-selva","title":{"rendered":"El libro de la selva"},"content":{"rendered":"","protected":false},"excerpt":{"rendered":"<div class=\"flex max-w-full flex-col flex-grow\">\n<div class=\"min-h-8 text-message flex w-full flex-col items-end gap-2 whitespace-normal break-words text-start [.text-message+&amp;]:mt-5\" dir=\"auto\" data-message-author-role=\"assistant\" data-message-id=\"4d8cdf61-4701-42af-8fef-494d913a99d0\" data-message-model-slug=\"gpt-4o-mini\">\n<div class=\"flex w-full flex-col gap-1 empty:hidden first:pt-[3px]\">\n<div class=\"markdown prose w-full break-words dark:prose-invert light\">\n<p>En principio, la jungla es presentada como un entorno salvaje. Pero, a otro nivel, y en la medida en que para vivir todo ser, humano o animal, ha de realizar un aprendizaje, la selva es tambi\u00e9n un escenario de formaci\u00f3n. Finalmente, en esta obra, la selva es una met\u00e1fora del mundo. La combinaci\u00f3n de experiencia vital y sabidur\u00eda literaria produjo este libro maravilloso, la muestra m\u00e1s seductora del talento con que Kipling sabe descubrir la poes\u00eda que se agazapa en las cosas sencillas.<\/p>\n<\/div>\n<\/div>\n<\/div>\n<\/div>\n","protected":false},"featured_media":440,"comment_status":"closed","ping_status":"closed","template":"","meta":{"_acf_changed":false},"product_brand":[],"product_cat":[97],"product_tag":[],"autor":[72],"class_list":{"0":"post-175","1":"product","2":"type-product","3":"status-publish","4":"has-post-thumbnail","6":"product_cat-novela-de-aventuras","7":"autor-rudyard-kipling","9":"first","10":"instock","11":"shipping-taxable","12":"purchasable","13":"product-type-simple"},"acf":[],"_links":{"self":[{"href":"https:\/\/new.comcosur.com\/index.php?rest_route=\/wp\/v2\/product\/175","targetHints":{"allow":["GET"]}}],"collection":[{"href":"https:\/\/new.comcosur.com\/index.php?rest_route=\/wp\/v2\/product"}],"about":[{"href":"https:\/\/new.comcosur.com\/index.php?rest_route=\/wp\/v2\/types\/product"}],"replies":[{"embeddable":true,"href":"https:\/\/new.comcosur.com\/index.php?rest_route=%2Fwp%2Fv2%2Fcomments&post=175"}],"wp:featuredmedia":[{"embeddable":true,"href":"https:\/\/new.comcosur.com\/index.php?rest_route=\/wp\/v2\/media\/440"}],"wp:attachment":[{"href":"https:\/\/new.comcosur.com\/index.php?rest_route=%2Fwp%2Fv2%2Fmedia&parent=175"}],"wp:term":[{"taxonomy":"product_brand","embeddable":true,"href":"https:\/\/new.comcosur.com\/index.php?rest_route=%2Fwp%2Fv2%2Fproduct_brand&post=175"},{"taxonomy":"product_cat","embeddable":true,"href":"https:\/\/new.comcosur.com\/index.php?rest_route=%2Fwp%2Fv2%2Fproduct_cat&post=175"},{"taxonomy":"product_tag","embeddable":true,"href":"https:\/\/new.comcosur.com\/index.php?rest_route=%2Fwp%2Fv2%2Fproduct_tag&post=175"},{"taxonomy":"autor","embeddable":true,"href":"https:\/\/new.comcosur.com\/index.php?rest_route=%2Fwp%2Fv2%2Fautor&post=175"}],"curies":[{"name":"wp","href":"https:\/\/api.w.org\/{rel}","templated":true}]}}