{"id":173,"date":"2022-05-15T21:54:25","date_gmt":"2022-05-16T02:54:25","guid":{"rendered":"https:\/\/new.comcosur.com\/?post_type=product&#038;p=173"},"modified":"2025-01-16T12:05:20","modified_gmt":"2025-01-16T17:05:20","slug":"viaje-al-centro-de-la-tierra","status":"publish","type":"product","link":"https:\/\/new.comcosur.com\/?product=viaje-al-centro-de-la-tierra","title":{"rendered":"Viaje al centro de la tierra"},"content":{"rendered":"","protected":false},"excerpt":{"rendered":"<p>Julio Verne es uno de los autores m\u00e1s populares de la historia de la literatura universal. Se destac\u00f3 por su capacidad de anticipaci\u00f3n tecnol\u00f3gica y social, lo que le ha llevado a ser considerado uno de los padres del g\u00e9nero de la ciencia ficci\u00f3n. <em>Viaje al centro de la Tierra<\/em> es concebida como una de las mejores narraciones de Julio Verne. Pocas obras existen tan conocidas, tan le\u00eddas y cautivantes, con sus vivas y sobrias descripciones de los parajes fant\u00e1sticos por los que avanzan los h\u00e9roes. Esta novela es un viaje fascinante a uno de los mayores misterios con los que ha tenido que enfrentarse el ser humano a lo largo de su existencia: el mundo subterr\u00e1neo.<\/p>\n","protected":false},"featured_media":522,"comment_status":"closed","ping_status":"closed","template":"","meta":{"_acf_changed":false},"product_brand":[],"product_cat":[103],"product_tag":[],"autor":[21],"class_list":{"0":"post-173","1":"product","2":"type-product","3":"status-publish","4":"has-post-thumbnail","6":"product_cat-ficcion-de-aventuras","7":"autor-julio-verne","9":"first","10":"instock","11":"shipping-taxable","12":"purchasable","13":"product-type-simple"},"acf":[],"_links":{"self":[{"href":"https:\/\/new.comcosur.com\/index.php?rest_route=\/wp\/v2\/product\/173","targetHints":{"allow":["GET"]}}],"collection":[{"href":"https:\/\/new.comcosur.com\/index.php?rest_route=\/wp\/v2\/product"}],"about":[{"href":"https:\/\/new.comcosur.com\/index.php?rest_route=\/wp\/v2\/types\/product"}],"replies":[{"embeddable":true,"href":"https:\/\/new.comcosur.com\/index.php?rest_route=%2Fwp%2Fv2%2Fcomments&post=173"}],"wp:featuredmedia":[{"embeddable":true,"href":"https:\/\/new.comcosur.com\/index.php?rest_route=\/wp\/v2\/media\/522"}],"wp:attachment":[{"href":"https:\/\/new.comcosur.com\/index.php?rest_route=%2Fwp%2Fv2%2Fmedia&parent=173"}],"wp:term":[{"taxonomy":"product_brand","embeddable":true,"href":"https:\/\/new.comcosur.com\/index.php?rest_route=%2Fwp%2Fv2%2Fproduct_brand&post=173"},{"taxonomy":"product_cat","embeddable":true,"href":"https:\/\/new.comcosur.com\/index.php?rest_route=%2Fwp%2Fv2%2Fproduct_cat&post=173"},{"taxonomy":"product_tag","embeddable":true,"href":"https:\/\/new.comcosur.com\/index.php?rest_route=%2Fwp%2Fv2%2Fproduct_tag&post=173"},{"taxonomy":"autor","embeddable":true,"href":"https:\/\/new.comcosur.com\/index.php?rest_route=%2Fwp%2Fv2%2Fautor&post=173"}],"curies":[{"name":"wp","href":"https:\/\/api.w.org\/{rel}","templated":true}]}}