{"id":1723,"date":"2023-11-03T08:58:01","date_gmt":"2023-11-03T13:58:01","guid":{"rendered":"https:\/\/new.comcosur.com\/?post_type=product&#038;p=1723"},"modified":"2025-01-15T11:35:20","modified_gmt":"2025-01-15T16:35:20","slug":"antologia-de-relatos-de-vampiros","status":"publish","type":"product","link":"https:\/\/new.comcosur.com\/?product=antologia-de-relatos-de-vampiros","title":{"rendered":"Antolog\u00eda de relatos de vampiros"},"content":{"rendered":"","protected":false},"excerpt":{"rendered":"<p>\u2b50\u2b50\u2b50\u2b50\u2b50<\/p>\n<div class=\"flex max-w-full flex-col flex-grow\">\n<div class=\"min-h-8 text-message flex w-full flex-col items-end gap-2 whitespace-normal break-words text-start [.text-message+&amp;]:mt-5\" dir=\"auto\" data-message-author-role=\"assistant\" data-message-id=\"816be3f0-e374-4e76-a011-7b193841c26b\" data-message-model-slug=\"gpt-4o-mini\">\n<div class=\"flex w-full flex-col gap-1 empty:hidden first:pt-[3px]\">\n<div class=\"markdown prose w-full break-words dark:prose-invert light\">\n<p>Este libro contiene fascinantes relatos de los maestros del g\u00e9nero de terror. El vampiro, legendario seductor que vaga por las noches en busca de sangre, no teme a la muerte, pues ya est\u00e1 muerto. Jam\u00e1s envejece y debe ocultarse antes de que lo sorprendan las luces del amanecer. Para quienes disfrutan de las historias sobre estos seres y toda su cosmovisi\u00f3n, esta obra es imprescindible.<\/p>\n<p><em>Antolog\u00eda de relatos de vampiros<\/em> constituye un referente entre las historias de terror, ya que sus p\u00e1ginas abarcan relatos de autores como Bram Stoker, Sheridan Le Fanu, Edgar Allan Poe, Horacio Quiroga y otros destacados en el tema. Esta edici\u00f3n tambi\u00e9n incluye inquietantes ilustraciones que convierten a este ejemplar en un aut\u00e9ntico libro digno de colecci\u00f3n.<\/p>\n<\/div>\n<\/div>\n<\/div>\n<\/div>\n","protected":false},"featured_media":1724,"comment_status":"closed","ping_status":"closed","template":"","meta":{"_acf_changed":false},"product_brand":[],"product_cat":[15,99,100,126,101,134,146],"product_tag":[],"autor":[66,167,24,154],"class_list":{"0":"post-1723","1":"product","2":"type-product","3":"status-publish","4":"has-post-thumbnail","6":"product_cat-literatura","7":"product_cat-ficcion-gotica","8":"product_cat-horror","9":"product_cat-literatura-juvenil","10":"product_cat-misterio","11":"product_cat-narracion","12":"product_cat-terror","13":"autor-edgar-allan-poe","14":"autor-bram-stoker","15":"autor-horacio-quiroga","16":"autor-sheridan-le-fanu","18":"first","19":"instock","20":"shipping-taxable","21":"purchasable","22":"product-type-simple"},"acf":[],"_links":{"self":[{"href":"https:\/\/new.comcosur.com\/index.php?rest_route=\/wp\/v2\/product\/1723","targetHints":{"allow":["GET"]}}],"collection":[{"href":"https:\/\/new.comcosur.com\/index.php?rest_route=\/wp\/v2\/product"}],"about":[{"href":"https:\/\/new.comcosur.com\/index.php?rest_route=\/wp\/v2\/types\/product"}],"replies":[{"embeddable":true,"href":"https:\/\/new.comcosur.com\/index.php?rest_route=%2Fwp%2Fv2%2Fcomments&post=1723"}],"wp:featuredmedia":[{"embeddable":true,"href":"https:\/\/new.comcosur.com\/index.php?rest_route=\/wp\/v2\/media\/1724"}],"wp:attachment":[{"href":"https:\/\/new.comcosur.com\/index.php?rest_route=%2Fwp%2Fv2%2Fmedia&parent=1723"}],"wp:term":[{"taxonomy":"product_brand","embeddable":true,"href":"https:\/\/new.comcosur.com\/index.php?rest_route=%2Fwp%2Fv2%2Fproduct_brand&post=1723"},{"taxonomy":"product_cat","embeddable":true,"href":"https:\/\/new.comcosur.com\/index.php?rest_route=%2Fwp%2Fv2%2Fproduct_cat&post=1723"},{"taxonomy":"product_tag","embeddable":true,"href":"https:\/\/new.comcosur.com\/index.php?rest_route=%2Fwp%2Fv2%2Fproduct_tag&post=1723"},{"taxonomy":"autor","embeddable":true,"href":"https:\/\/new.comcosur.com\/index.php?rest_route=%2Fwp%2Fv2%2Fautor&post=1723"}],"curies":[{"name":"wp","href":"https:\/\/api.w.org\/{rel}","templated":true}]}}