{"id":1704,"date":"2023-09-27T10:06:36","date_gmt":"2023-09-27T15:06:36","guid":{"rendered":"https:\/\/new.comcosur.com\/?post_type=product&#038;p=1704"},"modified":"2025-01-16T10:32:00","modified_gmt":"2025-01-16T15:32:00","slug":"meditaciones","status":"publish","type":"product","link":"https:\/\/new.comcosur.com\/?product=meditaciones","title":{"rendered":"Meditaciones"},"content":{"rendered":"","protected":false},"excerpt":{"rendered":"<p>\u2b50\u2b50\u2b50\u2b50\u2b50<\/p>\n<p><em>Meditaciones<\/em> es una obra maestra y una de las principales del estoicismo. Los doce libros que integran esta edici\u00f3n constituyen una compilaci\u00f3n de ideas y sencillas sentencias en las que Marco Aurelio reflexiona con sabidur\u00eda sobre cuestiones como la naturaleza humana y el arte de vivir. <em>Meditaciones<\/em> es considerado uno de los mejores libros en la historia de la humanidad, pues sus principios son pura sabidur\u00eda, y la riqueza de sus ideas invita a reflexionar y a renovar el pensamiento para afrontar las adversidades del vivir. El pensamiento estoico contin\u00faa vigente en nuestros d\u00edas: nos ense\u00f1a a defender la integridad moral, a ser tolerantes, vivir en calma, vivir en armon\u00eda, estar en el presente, afrontar los miedos y pensar siempre con sabidur\u00eda.<\/p>\n","protected":false},"featured_media":1705,"comment_status":"closed","ping_status":"closed","template":"","meta":{"_acf_changed":false},"product_brand":[],"product_cat":[15,112,107,109,126],"product_tag":[],"autor":[159],"class_list":{"0":"post-1704","1":"product","2":"type-product","3":"status-publish","4":"has-post-thumbnail","6":"product_cat-literatura","7":"product_cat-autoayuda","8":"product_cat-etica-y-civismo","9":"product_cat-filosofia","10":"product_cat-literatura-juvenil","11":"autor-marco-aurelio","13":"first","14":"instock","15":"shipping-taxable","16":"purchasable","17":"product-type-simple"},"acf":[],"_links":{"self":[{"href":"https:\/\/new.comcosur.com\/index.php?rest_route=\/wp\/v2\/product\/1704","targetHints":{"allow":["GET"]}}],"collection":[{"href":"https:\/\/new.comcosur.com\/index.php?rest_route=\/wp\/v2\/product"}],"about":[{"href":"https:\/\/new.comcosur.com\/index.php?rest_route=\/wp\/v2\/types\/product"}],"replies":[{"embeddable":true,"href":"https:\/\/new.comcosur.com\/index.php?rest_route=%2Fwp%2Fv2%2Fcomments&post=1704"}],"wp:featuredmedia":[{"embeddable":true,"href":"https:\/\/new.comcosur.com\/index.php?rest_route=\/wp\/v2\/media\/1705"}],"wp:attachment":[{"href":"https:\/\/new.comcosur.com\/index.php?rest_route=%2Fwp%2Fv2%2Fmedia&parent=1704"}],"wp:term":[{"taxonomy":"product_brand","embeddable":true,"href":"https:\/\/new.comcosur.com\/index.php?rest_route=%2Fwp%2Fv2%2Fproduct_brand&post=1704"},{"taxonomy":"product_cat","embeddable":true,"href":"https:\/\/new.comcosur.com\/index.php?rest_route=%2Fwp%2Fv2%2Fproduct_cat&post=1704"},{"taxonomy":"product_tag","embeddable":true,"href":"https:\/\/new.comcosur.com\/index.php?rest_route=%2Fwp%2Fv2%2Fproduct_tag&post=1704"},{"taxonomy":"autor","embeddable":true,"href":"https:\/\/new.comcosur.com\/index.php?rest_route=%2Fwp%2Fv2%2Fautor&post=1704"}],"curies":[{"name":"wp","href":"https:\/\/api.w.org\/{rel}","templated":true}]}}