{"id":170,"date":"2022-05-15T21:54:25","date_gmt":"2022-05-16T02:54:25","guid":{"rendered":"https:\/\/new.comcosur.com\/?post_type=product&#038;p=170"},"modified":"2025-01-16T10:52:23","modified_gmt":"2025-01-16T15:52:23","slug":"robinson-crusoe","status":"publish","type":"product","link":"https:\/\/new.comcosur.com\/?product=robinson-crusoe","title":{"rendered":"Robinson Crusoe"},"content":{"rendered":"","protected":false},"excerpt":{"rendered":"<p><em>Robinson Crusoe<\/em> representa la humanidad en sentido hist\u00f3rico: evoluciona de cazador a ganadero, de predador a recolector, en ambos casos casi por casualidad. Su viaje espiritual lo lleva del terror inicial y la obsesi\u00f3n por la supervivencia al orgullo de ser el amo y se\u00f1or de la tierra. Triste orgullo, si recordamos que sus s\u00fabditos eran unas cuantas cabras, un loro, un perro y dos gatos. Tambi\u00e9n, en un sentido moral, Robinson encarna la historia entera de la humanidad: enfrentado a la libertad absoluta, acude al refugio inmediato de la rutina y llega a convencerse de que le conviene hacer cada d\u00eda lo mismo y a la misma hora. Asombroso, pero universal. \u201cYo era all\u00ed la majestad y el poder, pr\u00edncipe y se\u00f1or de la isla entera; la vida de mis s\u00fabditos estaba librada a mi arbitrio; pod\u00eda ahorcar, descuartizar, conceder la libertad y privar de ella. No hab\u00eda rebeldes entre mis s\u00fabditos.<\/p>\n","protected":false},"featured_media":513,"comment_status":"closed","ping_status":"closed","template":"","meta":{"_acf_changed":false},"product_brand":[],"product_cat":[103,106,104],"product_tag":[],"autor":[70],"class_list":{"0":"post-170","1":"product","2":"type-product","3":"status-publish","4":"has-post-thumbnail","6":"product_cat-ficcion-de-aventuras","7":"product_cat-ficcion-historica","8":"product_cat-novela","9":"autor-daniel-defoe","11":"first","12":"instock","13":"shipping-taxable","14":"purchasable","15":"product-type-simple"},"acf":[],"_links":{"self":[{"href":"https:\/\/new.comcosur.com\/index.php?rest_route=\/wp\/v2\/product\/170","targetHints":{"allow":["GET"]}}],"collection":[{"href":"https:\/\/new.comcosur.com\/index.php?rest_route=\/wp\/v2\/product"}],"about":[{"href":"https:\/\/new.comcosur.com\/index.php?rest_route=\/wp\/v2\/types\/product"}],"replies":[{"embeddable":true,"href":"https:\/\/new.comcosur.com\/index.php?rest_route=%2Fwp%2Fv2%2Fcomments&post=170"}],"wp:featuredmedia":[{"embeddable":true,"href":"https:\/\/new.comcosur.com\/index.php?rest_route=\/wp\/v2\/media\/513"}],"wp:attachment":[{"href":"https:\/\/new.comcosur.com\/index.php?rest_route=%2Fwp%2Fv2%2Fmedia&parent=170"}],"wp:term":[{"taxonomy":"product_brand","embeddable":true,"href":"https:\/\/new.comcosur.com\/index.php?rest_route=%2Fwp%2Fv2%2Fproduct_brand&post=170"},{"taxonomy":"product_cat","embeddable":true,"href":"https:\/\/new.comcosur.com\/index.php?rest_route=%2Fwp%2Fv2%2Fproduct_cat&post=170"},{"taxonomy":"product_tag","embeddable":true,"href":"https:\/\/new.comcosur.com\/index.php?rest_route=%2Fwp%2Fv2%2Fproduct_tag&post=170"},{"taxonomy":"autor","embeddable":true,"href":"https:\/\/new.comcosur.com\/index.php?rest_route=%2Fwp%2Fv2%2Fautor&post=170"}],"curies":[{"name":"wp","href":"https:\/\/api.w.org\/{rel}","templated":true}]}}