{"id":169,"date":"2022-05-15T21:54:24","date_gmt":"2022-05-16T02:54:24","guid":{"rendered":"https:\/\/new.comcosur.com\/?post_type=product&#038;p=169"},"modified":"2025-01-16T10:50:06","modified_gmt":"2025-01-16T15:50:06","slug":"rebelion-en-la-granja","status":"publish","type":"product","link":"https:\/\/new.comcosur.com\/?product=rebelion-en-la-granja","title":{"rendered":"Rebeli\u00f3n en la granja"},"content":{"rendered":"","protected":false},"excerpt":{"rendered":"<p><em>Rebeli\u00f3n en la granja<\/em> es una f\u00e1bula sat\u00edrica escrita por George Orwell en 1945 acerca de una granja donde los animales toman el poder y forman su propio gobierno, que acabar\u00e1 convirti\u00e9ndose en una tiran\u00eda brutal. Se considera una cr\u00edtica velada a la Revoluci\u00f3n Rusa y a la corrupci\u00f3n del socialismo sovi\u00e9tico en los tiempos de Stalin. El tema principal de la obra es el abuso de poder y c\u00f3mo este corrompe a los que lo poseen, llevando a la avaricia, la discriminaci\u00f3n y la traici\u00f3n. As\u00ed, los cerdos de <em>Rebeli\u00f3n en la granja<\/em> usan su poder para manipular y enga\u00f1ar a los otros animales y afianzar su dominio sobre ellos. <em>Rebeli\u00f3n en la granja<\/em> supone tambi\u00e9n una fuerte cr\u00edtica al gobierno de la URSS y generalmente se considera una f\u00e1bula que describe los fallos del comunismo.<\/p>\n","protected":false},"featured_media":511,"comment_status":"closed","ping_status":"closed","template":"","meta":{"_acf_changed":false},"product_brand":[],"product_cat":[96,104,116],"product_tag":[],"autor":[69],"class_list":{"0":"post-169","1":"product","2":"type-product","3":"status-publish","4":"has-post-thumbnail","6":"product_cat-ficcion","7":"product_cat-novela","8":"product_cat-satira","9":"autor-george-orwell","11":"first","12":"instock","13":"shipping-taxable","14":"purchasable","15":"product-type-simple"},"acf":[],"_links":{"self":[{"href":"https:\/\/new.comcosur.com\/index.php?rest_route=\/wp\/v2\/product\/169","targetHints":{"allow":["GET"]}}],"collection":[{"href":"https:\/\/new.comcosur.com\/index.php?rest_route=\/wp\/v2\/product"}],"about":[{"href":"https:\/\/new.comcosur.com\/index.php?rest_route=\/wp\/v2\/types\/product"}],"replies":[{"embeddable":true,"href":"https:\/\/new.comcosur.com\/index.php?rest_route=%2Fwp%2Fv2%2Fcomments&post=169"}],"wp:featuredmedia":[{"embeddable":true,"href":"https:\/\/new.comcosur.com\/index.php?rest_route=\/wp\/v2\/media\/511"}],"wp:attachment":[{"href":"https:\/\/new.comcosur.com\/index.php?rest_route=%2Fwp%2Fv2%2Fmedia&parent=169"}],"wp:term":[{"taxonomy":"product_brand","embeddable":true,"href":"https:\/\/new.comcosur.com\/index.php?rest_route=%2Fwp%2Fv2%2Fproduct_brand&post=169"},{"taxonomy":"product_cat","embeddable":true,"href":"https:\/\/new.comcosur.com\/index.php?rest_route=%2Fwp%2Fv2%2Fproduct_cat&post=169"},{"taxonomy":"product_tag","embeddable":true,"href":"https:\/\/new.comcosur.com\/index.php?rest_route=%2Fwp%2Fv2%2Fproduct_tag&post=169"},{"taxonomy":"autor","embeddable":true,"href":"https:\/\/new.comcosur.com\/index.php?rest_route=%2Fwp%2Fv2%2Fautor&post=169"}],"curies":[{"name":"wp","href":"https:\/\/api.w.org\/{rel}","templated":true}]}}