{"id":167,"date":"2022-05-15T21:54:24","date_gmt":"2022-05-16T02:54:24","guid":{"rendered":"https:\/\/new.comcosur.com\/?post_type=product&#038;p=167"},"modified":"2025-01-16T10:47:17","modified_gmt":"2025-01-16T15:47:17","slug":"poema-del-mio-cid","status":"publish","type":"product","link":"https:\/\/new.comcosur.com\/?product=poema-del-mio-cid","title":{"rendered":"Poema del M\u00edo Cid"},"content":{"rendered":"","protected":false},"excerpt":{"rendered":"<p>El <em>Poema del Mio Cid<\/em> es un cantar de gesta an\u00f3nimo, y es el \u00fanico conservado casi completo de su g\u00e9nero en la literatura espa\u00f1ola. Representa un valor literario por la maestr\u00eda de su estilo. Relata haza\u00f1as heroicas inspiradas libremente en los \u00faltimos a\u00f1os de la vida del caballero Rodrigo D\u00edaz de Vivar. Tiene lugar durante la Reconquista, o la reconquista de Espa\u00f1a a los moros. <em>El Poema del Mio Cid<\/em> es la primera obra narrativa extensa de la literatura espa\u00f1ola en una lengua romance.<\/p>\n","protected":false},"featured_media":1122,"comment_status":"closed","ping_status":"closed","template":"","meta":{"_acf_changed":false},"product_brand":[],"product_cat":[115],"product_tag":[],"autor":[39],"class_list":{"0":"post-167","1":"product","2":"type-product","3":"status-publish","4":"has-post-thumbnail","6":"product_cat-poesia","7":"autor-anonimo","9":"first","10":"instock","11":"shipping-taxable","12":"purchasable","13":"product-type-simple"},"acf":[],"_links":{"self":[{"href":"https:\/\/new.comcosur.com\/index.php?rest_route=\/wp\/v2\/product\/167","targetHints":{"allow":["GET"]}}],"collection":[{"href":"https:\/\/new.comcosur.com\/index.php?rest_route=\/wp\/v2\/product"}],"about":[{"href":"https:\/\/new.comcosur.com\/index.php?rest_route=\/wp\/v2\/types\/product"}],"replies":[{"embeddable":true,"href":"https:\/\/new.comcosur.com\/index.php?rest_route=%2Fwp%2Fv2%2Fcomments&post=167"}],"wp:featuredmedia":[{"embeddable":true,"href":"https:\/\/new.comcosur.com\/index.php?rest_route=\/wp\/v2\/media\/1122"}],"wp:attachment":[{"href":"https:\/\/new.comcosur.com\/index.php?rest_route=%2Fwp%2Fv2%2Fmedia&parent=167"}],"wp:term":[{"taxonomy":"product_brand","embeddable":true,"href":"https:\/\/new.comcosur.com\/index.php?rest_route=%2Fwp%2Fv2%2Fproduct_brand&post=167"},{"taxonomy":"product_cat","embeddable":true,"href":"https:\/\/new.comcosur.com\/index.php?rest_route=%2Fwp%2Fv2%2Fproduct_cat&post=167"},{"taxonomy":"product_tag","embeddable":true,"href":"https:\/\/new.comcosur.com\/index.php?rest_route=%2Fwp%2Fv2%2Fproduct_tag&post=167"},{"taxonomy":"autor","embeddable":true,"href":"https:\/\/new.comcosur.com\/index.php?rest_route=%2Fwp%2Fv2%2Fautor&post=167"}],"curies":[{"name":"wp","href":"https:\/\/api.w.org\/{rel}","templated":true}]}}