{"id":166,"date":"2022-05-15T21:54:24","date_gmt":"2022-05-16T02:54:24","guid":{"rendered":"https:\/\/new.comcosur.com\/?post_type=product&#038;p=166"},"modified":"2025-01-16T10:42:58","modified_gmt":"2025-01-16T15:42:58","slug":"orgullo-y-prejuicio","status":"publish","type":"product","link":"https:\/\/new.comcosur.com\/?product=orgullo-y-prejuicio","title":{"rendered":"Orgullo y Prejuicio"},"content":{"rendered":"","protected":false},"excerpt":{"rendered":"<p><em>Orgullo y prejuicio<\/em> es la m\u00e1s famosa de las novelas de Jane Austen, quien describe de manera ir\u00f3nica, realista e inteligente la sociedad brit\u00e1nica de finales del siglo XVIII y comienzos del XIX. Su obra est\u00e1 impregnada de un notable an\u00e1lisis de la vida dom\u00e9stica, de las costumbres y de los sentimientos de personajes de la vida cotidiana burguesa. <em>Orgullo y prejuicio<\/em> representa una verdadera s\u00e1tira social al detallar de manera minuciosa la psicolog\u00eda y el comportamiento de los personajes y al describir las apariencias, gustos, ropas, muebles, etc., especificando con palabras el entorno social de la \u00e9poca.<\/p>\n","protected":false},"featured_media":504,"comment_status":"closed","ping_status":"closed","template":"","meta":{"_acf_changed":false},"product_brand":[],"product_cat":[96,98,116],"product_tag":[],"autor":[68],"class_list":{"0":"post-166","1":"product","2":"type-product","3":"status-publish","4":"has-post-thumbnail","6":"product_cat-ficcion","7":"product_cat-novela-rosa","8":"product_cat-satira","9":"autor-jane-austen","11":"first","12":"instock","13":"shipping-taxable","14":"purchasable","15":"product-type-simple"},"acf":[],"_links":{"self":[{"href":"https:\/\/new.comcosur.com\/index.php?rest_route=\/wp\/v2\/product\/166","targetHints":{"allow":["GET"]}}],"collection":[{"href":"https:\/\/new.comcosur.com\/index.php?rest_route=\/wp\/v2\/product"}],"about":[{"href":"https:\/\/new.comcosur.com\/index.php?rest_route=\/wp\/v2\/types\/product"}],"replies":[{"embeddable":true,"href":"https:\/\/new.comcosur.com\/index.php?rest_route=%2Fwp%2Fv2%2Fcomments&post=166"}],"wp:featuredmedia":[{"embeddable":true,"href":"https:\/\/new.comcosur.com\/index.php?rest_route=\/wp\/v2\/media\/504"}],"wp:attachment":[{"href":"https:\/\/new.comcosur.com\/index.php?rest_route=%2Fwp%2Fv2%2Fmedia&parent=166"}],"wp:term":[{"taxonomy":"product_brand","embeddable":true,"href":"https:\/\/new.comcosur.com\/index.php?rest_route=%2Fwp%2Fv2%2Fproduct_brand&post=166"},{"taxonomy":"product_cat","embeddable":true,"href":"https:\/\/new.comcosur.com\/index.php?rest_route=%2Fwp%2Fv2%2Fproduct_cat&post=166"},{"taxonomy":"product_tag","embeddable":true,"href":"https:\/\/new.comcosur.com\/index.php?rest_route=%2Fwp%2Fv2%2Fproduct_tag&post=166"},{"taxonomy":"autor","embeddable":true,"href":"https:\/\/new.comcosur.com\/index.php?rest_route=%2Fwp%2Fv2%2Fautor&post=166"}],"curies":[{"name":"wp","href":"https:\/\/api.w.org\/{rel}","templated":true}]}}