{"id":164,"date":"2022-05-15T21:54:24","date_gmt":"2022-05-16T02:54:24","guid":{"rendered":"https:\/\/new.comcosur.com\/?post_type=product&#038;p=164"},"modified":"2025-01-16T10:36:12","modified_gmt":"2025-01-16T15:36:12","slug":"narraciones-extraordinarias","status":"publish","type":"product","link":"https:\/\/new.comcosur.com\/?product=narraciones-extraordinarias","title":{"rendered":"Narraciones extraordinarias"},"content":{"rendered":"","protected":false},"excerpt":{"rendered":"<p>El autor explora la locura, la muerte, el dolor, la crueldad, el instinto asesino, la desintegraci\u00f3n f\u00edsica y moral, la soledad, el aislamiento y la duplicidad de la naturaleza humana. Con un magistral dominio en la creaci\u00f3n de atm\u00f3sferas, perfila la psicolog\u00eda de personajes angustiados por pesadillas, fantas\u00edas y temores que, sin duda alguna, anticipan las contradicciones del ser humano contempor\u00e1neo.<\/p>\n","protected":false},"featured_media":1710,"comment_status":"closed","ping_status":"closed","template":"","meta":{"_acf_changed":false},"product_brand":[],"product_cat":[99,100],"product_tag":[],"autor":[66],"class_list":{"0":"post-164","1":"product","2":"type-product","3":"status-publish","4":"has-post-thumbnail","6":"product_cat-ficcion-gotica","7":"product_cat-horror","8":"autor-edgar-allan-poe","10":"first","11":"instock","12":"shipping-taxable","13":"purchasable","14":"product-type-simple"},"acf":[],"_links":{"self":[{"href":"https:\/\/new.comcosur.com\/index.php?rest_route=\/wp\/v2\/product\/164","targetHints":{"allow":["GET"]}}],"collection":[{"href":"https:\/\/new.comcosur.com\/index.php?rest_route=\/wp\/v2\/product"}],"about":[{"href":"https:\/\/new.comcosur.com\/index.php?rest_route=\/wp\/v2\/types\/product"}],"replies":[{"embeddable":true,"href":"https:\/\/new.comcosur.com\/index.php?rest_route=%2Fwp%2Fv2%2Fcomments&post=164"}],"wp:featuredmedia":[{"embeddable":true,"href":"https:\/\/new.comcosur.com\/index.php?rest_route=\/wp\/v2\/media\/1710"}],"wp:attachment":[{"href":"https:\/\/new.comcosur.com\/index.php?rest_route=%2Fwp%2Fv2%2Fmedia&parent=164"}],"wp:term":[{"taxonomy":"product_brand","embeddable":true,"href":"https:\/\/new.comcosur.com\/index.php?rest_route=%2Fwp%2Fv2%2Fproduct_brand&post=164"},{"taxonomy":"product_cat","embeddable":true,"href":"https:\/\/new.comcosur.com\/index.php?rest_route=%2Fwp%2Fv2%2Fproduct_cat&post=164"},{"taxonomy":"product_tag","embeddable":true,"href":"https:\/\/new.comcosur.com\/index.php?rest_route=%2Fwp%2Fv2%2Fproduct_tag&post=164"},{"taxonomy":"autor","embeddable":true,"href":"https:\/\/new.comcosur.com\/index.php?rest_route=%2Fwp%2Fv2%2Fautor&post=164"}],"curies":[{"name":"wp","href":"https:\/\/api.w.org\/{rel}","templated":true}]}}