{"id":162,"date":"2022-05-15T21:54:24","date_gmt":"2022-05-16T02:54:24","guid":{"rendered":"https:\/\/new.comcosur.com\/?post_type=product&#038;p=162"},"modified":"2025-01-15T17:04:16","modified_gmt":"2025-01-15T22:04:16","slug":"maria","status":"publish","type":"product","link":"https:\/\/new.comcosur.com\/?product=maria","title":{"rendered":"Mar\u00eda"},"content":{"rendered":"","protected":false},"excerpt":{"rendered":"<p>Estaba mudo ante tanta belleza. [\u2026] As\u00ed, el cielo, los horizontes, las pampas y las cumbres del Cauca hacen enmudecer a quien los contempla. [\u2026] Antes de ponerse el sol, yo hab\u00eda visto blanquear sobre la falda de la monta\u00f1a la casa de mis padres. Al acercarme a ella, contaba con mirada ansiosa los grupos de sauces y naranjos, a trav\u00e9s de los cuales vi cruzar poco despu\u00e9s las luces que se repart\u00edan en las habitaciones. [\u2026] Respiraba al fin aquel olor nunca olvidado del huerto. [\u2026] Las herraduras de mi caballo chispearon sobre el empedrado del patio. [\u2026] A las ocho fuimos al comedor, el cual estaba pintorescamente situado en la parte oriental de la casa. Desde \u00e9l se ve\u00edan las crestas desnudas de las monta\u00f1as sobre el fondo estrellado del cielo. Las auras del desierto pasaban por el jard\u00edn, recogiendo aromas, para venir a juguetear con los rosales que nos rodeaban. El viento voluble dejaba o\u00edr por instantes el rumor del r\u00edo.<\/p>\n","protected":false},"featured_media":494,"comment_status":"closed","ping_status":"closed","template":"","meta":{"_acf_changed":false},"product_brand":[],"product_cat":[96,98],"product_tag":[],"autor":[65],"class_list":{"0":"post-162","1":"product","2":"type-product","3":"status-publish","4":"has-post-thumbnail","6":"product_cat-ficcion","7":"product_cat-novela-rosa","8":"autor-jorge-isaacs","10":"first","11":"instock","12":"shipping-taxable","13":"purchasable","14":"product-type-simple"},"acf":[],"_links":{"self":[{"href":"https:\/\/new.comcosur.com\/index.php?rest_route=\/wp\/v2\/product\/162","targetHints":{"allow":["GET"]}}],"collection":[{"href":"https:\/\/new.comcosur.com\/index.php?rest_route=\/wp\/v2\/product"}],"about":[{"href":"https:\/\/new.comcosur.com\/index.php?rest_route=\/wp\/v2\/types\/product"}],"replies":[{"embeddable":true,"href":"https:\/\/new.comcosur.com\/index.php?rest_route=%2Fwp%2Fv2%2Fcomments&post=162"}],"wp:featuredmedia":[{"embeddable":true,"href":"https:\/\/new.comcosur.com\/index.php?rest_route=\/wp\/v2\/media\/494"}],"wp:attachment":[{"href":"https:\/\/new.comcosur.com\/index.php?rest_route=%2Fwp%2Fv2%2Fmedia&parent=162"}],"wp:term":[{"taxonomy":"product_brand","embeddable":true,"href":"https:\/\/new.comcosur.com\/index.php?rest_route=%2Fwp%2Fv2%2Fproduct_brand&post=162"},{"taxonomy":"product_cat","embeddable":true,"href":"https:\/\/new.comcosur.com\/index.php?rest_route=%2Fwp%2Fv2%2Fproduct_cat&post=162"},{"taxonomy":"product_tag","embeddable":true,"href":"https:\/\/new.comcosur.com\/index.php?rest_route=%2Fwp%2Fv2%2Fproduct_tag&post=162"},{"taxonomy":"autor","embeddable":true,"href":"https:\/\/new.comcosur.com\/index.php?rest_route=%2Fwp%2Fv2%2Fautor&post=162"}],"curies":[{"name":"wp","href":"https:\/\/api.w.org\/{rel}","templated":true}]}}