{"id":160,"date":"2022-05-15T21:54:23","date_gmt":"2022-05-16T02:54:23","guid":{"rendered":"https:\/\/new.comcosur.com\/?post_type=product&#038;p=160"},"modified":"2025-01-15T17:00:41","modified_gmt":"2025-01-15T22:00:41","slug":"madame-bovary","status":"publish","type":"product","link":"https:\/\/new.comcosur.com\/?product=madame-bovary","title":{"rendered":"Madame Bovary"},"content":{"rendered":"","protected":false},"excerpt":{"rendered":"<p>La so\u00f1adora Emma, una joven de provincias casada con Charles Bovary, quien la ama pero es incapaz de comprenderla y satisfacerla, buscar\u00e1 la realizaci\u00f3n de sus sue\u00f1os en otros amores, pasionales, plat\u00f3nicos&#8230;, pero ninguno de ellos lograr\u00e1 calmar su desesperada ansiedad ni sus inquietudes rom\u00e1nticas. La publicaci\u00f3n de <em>Madame Bovary<\/em> (1856) provoc\u00f3 el esc\u00e1ndalo de la burgues\u00eda francesa, esclava de mil prejuicios, y el proceso judicial que sigui\u00f3 contribuy\u00f3 a un \u00e9xito editorial sin precedentes. Flaubert ve\u00eda c\u00f3mo su obra serv\u00eda m\u00e1s para satisfacer el morbo que para deleitarse en el caudal narrativo que conten\u00eda. Hoy, <em>Madame Bovary<\/em> es considerada el aut\u00e9ntico p\u00f3rtico de la modernidad literaria.<\/p>\n","protected":false},"featured_media":492,"comment_status":"closed","ping_status":"closed","template":"","meta":{"_acf_changed":false},"product_brand":[],"product_cat":[96,104,98],"product_tag":[],"autor":[63],"class_list":{"0":"post-160","1":"product","2":"type-product","3":"status-publish","4":"has-post-thumbnail","6":"product_cat-ficcion","7":"product_cat-novela","8":"product_cat-novela-rosa","9":"autor-gustave-flaubert","11":"first","12":"instock","13":"shipping-taxable","14":"purchasable","15":"product-type-simple"},"acf":[],"_links":{"self":[{"href":"https:\/\/new.comcosur.com\/index.php?rest_route=\/wp\/v2\/product\/160","targetHints":{"allow":["GET"]}}],"collection":[{"href":"https:\/\/new.comcosur.com\/index.php?rest_route=\/wp\/v2\/product"}],"about":[{"href":"https:\/\/new.comcosur.com\/index.php?rest_route=\/wp\/v2\/types\/product"}],"replies":[{"embeddable":true,"href":"https:\/\/new.comcosur.com\/index.php?rest_route=%2Fwp%2Fv2%2Fcomments&post=160"}],"wp:featuredmedia":[{"embeddable":true,"href":"https:\/\/new.comcosur.com\/index.php?rest_route=\/wp\/v2\/media\/492"}],"wp:attachment":[{"href":"https:\/\/new.comcosur.com\/index.php?rest_route=%2Fwp%2Fv2%2Fmedia&parent=160"}],"wp:term":[{"taxonomy":"product_brand","embeddable":true,"href":"https:\/\/new.comcosur.com\/index.php?rest_route=%2Fwp%2Fv2%2Fproduct_brand&post=160"},{"taxonomy":"product_cat","embeddable":true,"href":"https:\/\/new.comcosur.com\/index.php?rest_route=%2Fwp%2Fv2%2Fproduct_cat&post=160"},{"taxonomy":"product_tag","embeddable":true,"href":"https:\/\/new.comcosur.com\/index.php?rest_route=%2Fwp%2Fv2%2Fproduct_tag&post=160"},{"taxonomy":"autor","embeddable":true,"href":"https:\/\/new.comcosur.com\/index.php?rest_route=%2Fwp%2Fv2%2Fautor&post=160"}],"curies":[{"name":"wp","href":"https:\/\/api.w.org\/{rel}","templated":true}]}}