{"id":159,"date":"2022-05-15T21:54:23","date_gmt":"2022-05-16T02:54:23","guid":{"rendered":"https:\/\/new.comcosur.com\/?post_type=product&#038;p=159"},"modified":"2025-01-16T12:05:13","modified_gmt":"2025-01-16T17:05:13","slug":"los-viajes-de-gulliver","status":"publish","type":"product","link":"https:\/\/new.comcosur.com\/?product=los-viajes-de-gulliver","title":{"rendered":"Los viajes de Gulliver"},"content":{"rendered":"","protected":false},"excerpt":{"rendered":"<p><em>Los viajes de Gulliver<\/em> es uno de los mejores exponentes de la llamada literatura de aventuras. El viajero Gulliver se ve arrastrado por el mar hasta extra\u00f1os pa\u00edses. Uno de ellos, Liliput, est\u00e1 habitado por enanos. Otros, por gigantes o por caballos pensantes. En cada uno de estos lugares, Gulliver reflexionar\u00e1 sobre la condici\u00f3n humana.<\/p>\n","protected":false},"featured_media":491,"comment_status":"closed","ping_status":"closed","template":"","meta":{"_acf_changed":false},"product_brand":[],"product_cat":[103,104,116],"product_tag":[],"autor":[62],"class_list":{"0":"post-159","1":"product","2":"type-product","3":"status-publish","4":"has-post-thumbnail","6":"product_cat-ficcion-de-aventuras","7":"product_cat-novela","8":"product_cat-satira","9":"autor-jonathan-swift","11":"first","12":"instock","13":"shipping-taxable","14":"purchasable","15":"product-type-simple"},"acf":[],"_links":{"self":[{"href":"https:\/\/new.comcosur.com\/index.php?rest_route=\/wp\/v2\/product\/159","targetHints":{"allow":["GET"]}}],"collection":[{"href":"https:\/\/new.comcosur.com\/index.php?rest_route=\/wp\/v2\/product"}],"about":[{"href":"https:\/\/new.comcosur.com\/index.php?rest_route=\/wp\/v2\/types\/product"}],"replies":[{"embeddable":true,"href":"https:\/\/new.comcosur.com\/index.php?rest_route=%2Fwp%2Fv2%2Fcomments&post=159"}],"wp:featuredmedia":[{"embeddable":true,"href":"https:\/\/new.comcosur.com\/index.php?rest_route=\/wp\/v2\/media\/491"}],"wp:attachment":[{"href":"https:\/\/new.comcosur.com\/index.php?rest_route=%2Fwp%2Fv2%2Fmedia&parent=159"}],"wp:term":[{"taxonomy":"product_brand","embeddable":true,"href":"https:\/\/new.comcosur.com\/index.php?rest_route=%2Fwp%2Fv2%2Fproduct_brand&post=159"},{"taxonomy":"product_cat","embeddable":true,"href":"https:\/\/new.comcosur.com\/index.php?rest_route=%2Fwp%2Fv2%2Fproduct_cat&post=159"},{"taxonomy":"product_tag","embeddable":true,"href":"https:\/\/new.comcosur.com\/index.php?rest_route=%2Fwp%2Fv2%2Fproduct_tag&post=159"},{"taxonomy":"autor","embeddable":true,"href":"https:\/\/new.comcosur.com\/index.php?rest_route=%2Fwp%2Fv2%2Fautor&post=159"}],"curies":[{"name":"wp","href":"https:\/\/api.w.org\/{rel}","templated":true}]}}