{"id":157,"date":"2022-05-15T21:54:23","date_gmt":"2022-05-16T02:54:23","guid":{"rendered":"https:\/\/new.comcosur.com\/?post_type=product&#038;p=157"},"modified":"2025-01-15T16:50:33","modified_gmt":"2025-01-15T21:50:33","slug":"las-aventuras-de-tom-sawyer","status":"publish","type":"product","link":"https:\/\/new.comcosur.com\/?product=las-aventuras-de-tom-sawyer","title":{"rendered":"Las aventuras de Tom Sawyer"},"content":{"rendered":"","protected":false},"excerpt":{"rendered":"<p>Mark Twain se caracteriza por ser un escritor popular, cuyo p\u00fablico m\u00e1s entusiasta ha estado siempre constituido por ni\u00f1os y adolescentes. Su estilo es de f\u00e1cil comprensi\u00f3n. Recurre constantemente al humor y a la ternura, a la extravagancia y, en general, a los rasgos picarescos de personajes y situaciones.<\/p>\n","protected":false},"featured_media":1695,"comment_status":"closed","ping_status":"closed","template":"","meta":{"_acf_changed":false},"product_brand":[],"product_cat":[103,114,116],"product_tag":[],"autor":[44],"class_list":{"0":"post-157","1":"product","2":"type-product","3":"status-publish","4":"has-post-thumbnail","6":"product_cat-ficcion-de-aventuras","7":"product_cat-literatura-infantil","8":"product_cat-satira","9":"autor-mark-twain","11":"first","12":"instock","13":"shipping-taxable","14":"purchasable","15":"product-type-simple"},"acf":[],"_links":{"self":[{"href":"https:\/\/new.comcosur.com\/index.php?rest_route=\/wp\/v2\/product\/157","targetHints":{"allow":["GET"]}}],"collection":[{"href":"https:\/\/new.comcosur.com\/index.php?rest_route=\/wp\/v2\/product"}],"about":[{"href":"https:\/\/new.comcosur.com\/index.php?rest_route=\/wp\/v2\/types\/product"}],"replies":[{"embeddable":true,"href":"https:\/\/new.comcosur.com\/index.php?rest_route=%2Fwp%2Fv2%2Fcomments&post=157"}],"wp:featuredmedia":[{"embeddable":true,"href":"https:\/\/new.comcosur.com\/index.php?rest_route=\/wp\/v2\/media\/1695"}],"wp:attachment":[{"href":"https:\/\/new.comcosur.com\/index.php?rest_route=%2Fwp%2Fv2%2Fmedia&parent=157"}],"wp:term":[{"taxonomy":"product_brand","embeddable":true,"href":"https:\/\/new.comcosur.com\/index.php?rest_route=%2Fwp%2Fv2%2Fproduct_brand&post=157"},{"taxonomy":"product_cat","embeddable":true,"href":"https:\/\/new.comcosur.com\/index.php?rest_route=%2Fwp%2Fv2%2Fproduct_cat&post=157"},{"taxonomy":"product_tag","embeddable":true,"href":"https:\/\/new.comcosur.com\/index.php?rest_route=%2Fwp%2Fv2%2Fproduct_tag&post=157"},{"taxonomy":"autor","embeddable":true,"href":"https:\/\/new.comcosur.com\/index.php?rest_route=%2Fwp%2Fv2%2Fautor&post=157"}],"curies":[{"name":"wp","href":"https:\/\/api.w.org\/{rel}","templated":true}]}}